{"id":687,"date":"2018-04-20T14:29:33","date_gmt":"2018-04-20T14:29:33","guid":{"rendered":"https:\/\/www.ref-cordast.ch\/?page_id=687"},"modified":"2024-04-29T12:50:14","modified_gmt":"2024-04-29T12:50:14","slug":"kirchentaxi","status":"publish","type":"page","link":"https:\/\/ref-cordast.ch\/fr\/aktivitaeten\/kirchentaxi\/","title":{"rendered":"Taxi \u00e9glise"},"content":{"rendered":"<div class=\"wp-block-image\">\n<figure class=\"alignright size-medium is-resized\"><img loading=\"lazy\" decoding=\"async\" width=\"300\" height=\"156\" src=\"http:\/\/www.ref-cordast.ch\/wp-content\/uploads\/2018\/04\/logo_kirchentaxi-300x156.png\" alt=\"\" class=\"wp-image-754\" style=\"width:219px;height:114px\" srcset=\"https:\/\/ref-cordast.ch\/wp-content\/uploads\/2018\/04\/logo_kirchentaxi-300x156.png 300w, https:\/\/ref-cordast.ch\/wp-content\/uploads\/2018\/04\/logo_kirchentaxi.png 591w\" sizes=\"auto, (max-width: 300px) 100vw, 300px\" \/><\/figure>\n<\/div>\n\n<p>Des b\u00e9n\u00e9voles de la paroisse de Cordast proposent un service de transport gratuit pour les \u00e9v\u00e9nements religieux et les cultes. Nous venons vous chercher \u00e0 la porte de votre domicile et vous ramenons \u00e9galement \u00e0 la maison.<\/p>\n<p>Annoncez votre trajet au plus tard la veille au num\u00e9ro <strong>026 684 25 66<\/strong>.<\/p>\n<p><\/p>\n\n\n<p><\/p>","protected":false},"excerpt":{"rendered":"<p>Des b\u00e9n\u00e9voles de la paroisse de Cordast proposent un service de transport gratuit pour les \u00e9v\u00e9nements religieux et les cultes. Nous venons vous chercher \u00e0 la porte de votre domicile et vous ramenons \u00e9galement \u00e0 la maison. Annoncez votre trajet au plus tard la veille au num\u00e9ro 026 684 25 66.<\/p>\n","protected":false},"author":3,"featured_media":0,"parent":158,"menu_order":0,"comment_status":"closed","ping_status":"closed","template":"","meta":{"footnotes":""},"class_list":["post-687","page","type-page","status-publish","hentry"],"_links":{"self":[{"href":"https:\/\/ref-cordast.ch\/fr\/wp-json\/wp\/v2\/pages\/687","targetHints":{"allow":["GET"]}}],"collection":[{"href":"https:\/\/ref-cordast.ch\/fr\/wp-json\/wp\/v2\/pages"}],"about":[{"href":"https:\/\/ref-cordast.ch\/fr\/wp-json\/wp\/v2\/types\/page"}],"author":[{"embeddable":true,"href":"https:\/\/ref-cordast.ch\/fr\/wp-json\/wp\/v2\/users\/3"}],"replies":[{"embeddable":true,"href":"https:\/\/ref-cordast.ch\/fr\/wp-json\/wp\/v2\/comments?post=687"}],"version-history":[{"count":15,"href":"https:\/\/ref-cordast.ch\/fr\/wp-json\/wp\/v2\/pages\/687\/revisions"}],"predecessor-version":[{"id":6278,"href":"https:\/\/ref-cordast.ch\/fr\/wp-json\/wp\/v2\/pages\/687\/revisions\/6278"}],"up":[{"embeddable":true,"href":"https:\/\/ref-cordast.ch\/fr\/wp-json\/wp\/v2\/pages\/158"}],"wp:attachment":[{"href":"https:\/\/ref-cordast.ch\/fr\/wp-json\/wp\/v2\/media?parent=687"}],"curies":[{"name":"wp","href":"https:\/\/api.w.org\/{rel}","templated":true}]}}