{"id":6647,"date":"2024-12-09T20:27:18","date_gmt":"2024-12-09T20:27:18","guid":{"rendered":"https:\/\/ref-cordast.ch\/?page_id=6647"},"modified":"2026-03-16T21:39:27","modified_gmt":"2026-03-16T21:39:27","slug":"jugendanlaesse","status":"publish","type":"page","link":"https:\/\/ref-cordast.ch\/fr\/aktivitaeten\/jugend\/jugendanlaesse\/","title":{"rendered":"Activit\u00e9s pour les jeunes"},"content":{"rendered":"<div class=\"wp-block-columns are-vertically-aligned-top is-layout-flex wp-container-core-columns-is-layout-9d6595d7 wp-block-columns-is-layout-flex\">\n<div class=\"wp-block-column is-vertically-aligned-top is-layout-flow wp-block-column-is-layout-flow\" style=\"flex-basis:66.66%\">\n<p>Des activit\u00e9s sont r\u00e9guli\u00e8rement organis\u00e9es pour les jeunes apr\u00e8s l&rsquo;\u00e9cole obligatoire. Manger ensemble, faire la f\u00eate ensemble, jouer et entreprendre quelque chose : il y a quelque chose pour chacun et chacune, tou\u00b7tes participent \u00e0 la planification et \u00e0 la r\u00e9alisation des diff\u00e9rents \u00e9v\u00e9nements.&nbsp;Tu es le bienvenu\u00b7e !<\/span><\/p>\n\n\n\n<p><span style=\"font-size: revert; white-space: normal;\"><\/span><\/p>\n<\/div>\n<\/div>\n\n\n\n<div style=\"height:30px\" aria-hidden=\"true\" class=\"wp-block-spacer\"><\/div>\n\n\n\n<h4 class=\"wp-block-heading\"><span style=\"font-size: revert; white-space: normal;\"><span style=\"font-size: revert; white-space: normal;\">Prochains Evenements<\/span><\/h4>\n\n\n<div class=\"em-view-container\" id=\"em-view-1546951868\" data-view=\"list\">\r\n\t<div class=\"em-list em-events-list\" id=\"em-events-list-1546951868\" data-view-id=\"1546951868\">\r\n\tKeine Veranstaltungen\t<\/div>\r\n<\/div>\n\n\n\n<h4 class=\"wp-block-heading\">","protected":false},"excerpt":{"rendered":"<p>Des activit\u00e9s sont r\u00e9guli\u00e8rement organis\u00e9es pour les jeunes apr\u00e8s l&rsquo;\u00e9cole obligatoire. Manger ensemble, faire la f\u00eate ensemble, jouer et entreprendre quelque chose : il y a quelque chose pour chacun et chacune, tou\u00b7tes participent \u00e0 la planification et \u00e0 la r\u00e9alisation des diff\u00e9rents \u00e9v\u00e9nements.&nbsp;Tu es le bienvenu\u00b7e ! Prochains Evenements<\/p>\n","protected":false},"author":13,"featured_media":0,"parent":6630,"menu_order":0,"comment_status":"closed","ping_status":"closed","template":"","meta":{"footnotes":""},"class_list":["post-6647","page","type-page","status-publish","hentry"],"_links":{"self":[{"href":"https:\/\/ref-cordast.ch\/fr\/wp-json\/wp\/v2\/pages\/6647","targetHints":{"allow":["GET"]}}],"collection":[{"href":"https:\/\/ref-cordast.ch\/fr\/wp-json\/wp\/v2\/pages"}],"about":[{"href":"https:\/\/ref-cordast.ch\/fr\/wp-json\/wp\/v2\/types\/page"}],"author":[{"embeddable":true,"href":"https:\/\/ref-cordast.ch\/fr\/wp-json\/wp\/v2\/users\/13"}],"replies":[{"embeddable":true,"href":"https:\/\/ref-cordast.ch\/fr\/wp-json\/wp\/v2\/comments?post=6647"}],"version-history":[{"count":44,"href":"https:\/\/ref-cordast.ch\/fr\/wp-json\/wp\/v2\/pages\/6647\/revisions"}],"predecessor-version":[{"id":7957,"href":"https:\/\/ref-cordast.ch\/fr\/wp-json\/wp\/v2\/pages\/6647\/revisions\/7957"}],"up":[{"embeddable":true,"href":"https:\/\/ref-cordast.ch\/fr\/wp-json\/wp\/v2\/pages\/6630"}],"wp:attachment":[{"href":"https:\/\/ref-cordast.ch\/fr\/wp-json\/wp\/v2\/media?parent=6647"}],"curies":[{"name":"wp","href":"https:\/\/api.w.org\/{rel}","templated":true}]}}