{"id":61,"date":"2018-03-04T11:23:21","date_gmt":"2018-03-04T11:23:21","guid":{"rendered":"https:\/\/www.ref-cordast.ch\/?page_id=61"},"modified":"2025-10-23T13:13:42","modified_gmt":"2025-10-23T13:13:42","slug":"trauung","status":"publish","type":"page","link":"https:\/\/ref-cordast.ch\/fr\/gottesdienste\/francais-au-cours-dune-vie\/trauung\/","title":{"rendered":"Mariage"},"content":{"rendered":"<p>La c\u00e9l\u00e9bration du mariage dans votre paroisse r\u00e9form\u00e9e de Cordast consiste \u00e0 marquer la dimension spirituelle de son union, c&rsquo;est plus une\u00a0<strong>b\u00e9n\u00e9diction de mariage<\/strong>\u00a0qu&rsquo;un mariage proprement dit.<\/p>\n<p>Le\u00a0<strong>mariage <\/strong>comprend plusieurs dimensions qui se compl\u00e8tent:<\/p>\n<ul>\n<li>Il est d&rsquo;abord <strong>un engagement<\/strong> qui se fait dans le secret des\u00a0coeurs<\/li>\n<li>Il a \u00e9galement <strong>une dimension\u00a0sociale<\/strong>\u00a0\u00e0 l\u2019office d\u2019\u00e9tat civil<\/li>\n<li>Et il a enfin <strong>une dimension\u00a0spirituelle\u00a0et religieuse<\/strong><\/li>\n<\/ul>\n<p>Avec la c\u00e9r\u00e9monie religieuse, les \u00e9poux disent plut\u00f4t comment ils veulent vivre leur union. Les engagements parlent donc d&rsquo;attachement, d&rsquo;amour et de fid\u00e9lit\u00e9. On parle du fond, de la foi et de l&rsquo;id\u00e9al \u00e9vang\u00e9lique qui est partag\u00e9 par les \u00e9poux, et le pasteur dit sur le couple la b\u00e9n\u00e9diction de Dieu, car se marier dans un temple, c&rsquo;est aussi affirmer que l&rsquo;on veut faire cette route familiale avec la pr\u00e9sence de Dieu et l&rsquo;aide de l&rsquo;Evangile.<\/p>\n<p>Vous souhaitez vous marier \u00e0 la paroisse de Cordast?<\/p>\n<p>Prenez contact quelques mois \u00e0 l\u2019avance avec votre pasteure, afin de pouvoir fixer le jour et l\u2019heure de la c\u00e9l\u00e9bration ainsi qu\u2019un rendez-vous, afin de discuter autour du mariage et de la pr\u00e9paration du culte.<\/p>\n<ul id=\"dvteamgrid760752111\" class=\"dvwookmark dvteamgrid \" data-dvalign=\"left\" data-dvoffset=\"20\" data-dvwidth=\"180\">\n    <li>\n        <figure>\n            <a id=\"dvgridboxlink760752111444\" href=\"#dvteambox760752111444\" >\n                <img decoding=\"async\" src=\"https:\/\/ref-cordast.ch\/wp-content\/uploads\/2018\/04\/IMG_2562_2-851x1024.jpg\" alt=\"Estelle Zbinden\" \/>\n                                <div class=\"dv-member-zoom\"><i class=\"dvteamicon-info\"><\/i><\/div>\n                            <\/a>\n                <figcaption>\n                    <div class=\"dv-member-desc\">\n                        <div><span class=\"dv-member-name\">Estelle Zbinden<\/span><\/div>\n                                                <div><span class=\"dv-member-info\">Pasteure francophone (50%) et aum\u00f4nier des coll\u00e8ges (30%)<\/span><\/div>\n                                            <\/div>\n                <\/figcaption>\n        <\/figure>\n    <\/li>\n        <\/ul>\n<div class=\"dv-clear\"><\/div>\n<\/p>","protected":false},"excerpt":{"rendered":"<p>La c\u00e9l\u00e9bration du mariage dans votre paroisse r\u00e9form\u00e9e de Cordast consiste \u00e0 marquer la dimension spirituelle de son union, c&rsquo;est plus une\u00a0b\u00e9n\u00e9diction de mariage\u00a0qu&rsquo;un mariage proprement dit. Le\u00a0mariage comprend plusieurs dimensions qui se compl\u00e8tent: Il est d&rsquo;abord un engagement qui se fait dans le secret des\u00a0coeurs Il a \u00e9galement une dimension\u00a0sociale\u00a0\u00e0 l\u2019office d\u2019\u00e9tat civil Et [&hellip;]<\/p>\n","protected":false},"author":1,"featured_media":0,"parent":47,"menu_order":0,"comment_status":"closed","ping_status":"closed","template":"","meta":{"footnotes":""},"class_list":["post-61","page","type-page","status-publish","hentry"],"_links":{"self":[{"href":"https:\/\/ref-cordast.ch\/fr\/wp-json\/wp\/v2\/pages\/61","targetHints":{"allow":["GET"]}}],"collection":[{"href":"https:\/\/ref-cordast.ch\/fr\/wp-json\/wp\/v2\/pages"}],"about":[{"href":"https:\/\/ref-cordast.ch\/fr\/wp-json\/wp\/v2\/types\/page"}],"author":[{"embeddable":true,"href":"https:\/\/ref-cordast.ch\/fr\/wp-json\/wp\/v2\/users\/1"}],"replies":[{"embeddable":true,"href":"https:\/\/ref-cordast.ch\/fr\/wp-json\/wp\/v2\/comments?post=61"}],"version-history":[{"count":9,"href":"https:\/\/ref-cordast.ch\/fr\/wp-json\/wp\/v2\/pages\/61\/revisions"}],"predecessor-version":[{"id":7548,"href":"https:\/\/ref-cordast.ch\/fr\/wp-json\/wp\/v2\/pages\/61\/revisions\/7548"}],"up":[{"embeddable":true,"href":"https:\/\/ref-cordast.ch\/fr\/wp-json\/wp\/v2\/pages\/47"}],"wp:attachment":[{"href":"https:\/\/ref-cordast.ch\/fr\/wp-json\/wp\/v2\/media?parent=61"}],"curies":[{"name":"wp","href":"https:\/\/api.w.org\/{rel}","templated":true}]}}