{"id":6021,"date":"2024-02-11T21:31:11","date_gmt":"2024-02-11T21:31:11","guid":{"rendered":"https:\/\/www.ref-cordast.ch\/?page_id=6021"},"modified":"2025-05-20T12:58:23","modified_gmt":"2025-05-20T12:58:23","slug":"spirit1874","status":"publish","type":"page","link":"https:\/\/ref-cordast.ch\/fr\/about\/spirit1874\/","title":{"rendered":"Association de soutien Spirit Cordast 1874"},"content":{"rendered":"<p><strong>Les dons et les cotisations \u00e0 l&rsquo;association \u00ab Spirit Cordast 1874 \u00bb permettent de proposer une large palette d&rsquo;offres ouvertes \u00e0 tous sur le territoire de la paroisse r\u00e9form\u00e9e de Cordast. L&rsquo;association permet \u00e0 la paroisse de Cordast de rester active sur le plan social, m\u00eame si les recettes fiscales sont en baisse, et de proposer des offres accueillantes pour toutes les g\u00e9n\u00e9rations.<\/strong><\/p>\n\n\n\n<figure class=\"wp-block-image size-large\"><img loading=\"lazy\" decoding=\"async\" width=\"1024\" height=\"649\" src=\"http:\/\/www.ref-cordast.ch\/wp-content\/uploads\/2024\/04\/Logo_Spirit_Cordast_1874-1024x649.png\" alt=\"\" class=\"wp-image-6223\" srcset=\"https:\/\/ref-cordast.ch\/wp-content\/uploads\/2024\/04\/Logo_Spirit_Cordast_1874-1024x649.png 1024w, https:\/\/ref-cordast.ch\/wp-content\/uploads\/2024\/04\/Logo_Spirit_Cordast_1874-300x190.png 300w, https:\/\/ref-cordast.ch\/wp-content\/uploads\/2024\/04\/Logo_Spirit_Cordast_1874-768x487.png 768w, https:\/\/ref-cordast.ch\/wp-content\/uploads\/2024\/04\/Logo_Spirit_Cordast_1874-1536x974.png 1536w, https:\/\/ref-cordast.ch\/wp-content\/uploads\/2024\/04\/Logo_Spirit_Cordast_1874.png 1800w\" sizes=\"auto, (max-width: 1024px) 100vw, 1024px\" \/><\/figure>\n\n\n\n<p>Le 4 mars 1874, le Grand Conseil de Fribourg d\u00e9cidait la cr\u00e9ation de la paroisse de Cordast pour une partie du district du lac. Exactement 150 ans plus tard, l&rsquo;association de soutien \u00ab\u00a0Spirit Cordast 1874\u00a0\u00bb a \u00e9t\u00e9 fond\u00e9e. Celle-ci soutient et encourage sur le territoire de la paroisse r\u00e9form\u00e9e de Cordast les activit\u00e9s publiques ou d&rsquo;utilit\u00e9 publique, qui sont ouvertes \u00e0 toutes les personnes, ind\u00e9pendamment de leur appartenance religieuse et de leurs origines. <\/p>\n\n\n\n<div style=\"height:25px\" aria-hidden=\"true\" class=\"wp-block-spacer\"><\/div>\n\n\n\n<h4 class=\"wp-block-heading\"><strong>Compte pour les dons<\/strong><\/h4>\n\n\n\n<p>Association de soutien Spirit Cordast 1874, Spielacher 1, 1792 Cordast<br>IBAN : CH96 0076 8300 1733 8370 1<\/p>\n\n\n\n<p>Compte aupr\u00e8s de la Banque Cantonale de Fribourg<\/p>\n\n\n\n<a class=\"btn-payrexx btn-payrexx-modal\" href=\"https:\/\/spirit-cordast-1874.payrexx.com\/fr\/pay?cid=4bf24789&#038;donation[preselect_amount]=100\">\n<span>Faire un don<\/span>\n<\/a>\n<script src=\"https:\/\/cdnjs.cloudflare.com\/ajax\/libs\/jquery\/3.5.1\/jquery.min.js\" integrity=\"sha512-bLT0Qm9VnAYZDflyKcBaQ2gg0hSYNQrJ8RilYldYQ1FxQYoCLtUjuuRuZo+fjqhx\/qtq\/1itJ0C2ejDxltZVFg==\" crossorigin=\"anonymous\"><\/script>\n<script type=\"text\/javascript\" src=\"https:\/\/media.payrexx.com\/modal\/v1\/modal.min.js\"><\/script>\n<script type=\"text\/javascript\">\n    jQuery(\".btn-payrexx-modal\").payrexxModal();\n<\/script>\n<style type=\"text\/css\">\n.btn-payrexx {\n\tdisplay: inline-block;\n\twidth: auto;\n\tpadding: 6px 20px 6px 20px;\n\tfont-size: 16px;\n\tfont-weight: 300;\n\twhite-space: inherit;\n\tbackground-color: #f5d7d7;\n\tborder: 0;\n\toutline: 0;\n\ttext-decoration: none;\n\tcolor: #ffffff;\n\tborder-radius: 3px;\n\t-webkit-transition: background-color 300ms ease-out;\n\t-moz-transition: background-color 300ms ease-out;\n\t-o-transition: background-color 300ms ease-out;\n\ttransition: background-color 300ms ease-out;\n}\n.btn-payrexx:focus, .btn-payrexx:hover {\n\tbackground-color: #b78048;\n\tcolor: #ffffff;\n}\n<\/style>\n\n\n\n<p><\/span>\n<\/a>\n<script src=\"https:\/\/cdnjs.cloudflare.com\/ajax\/libs\/jquery\/3.5.1\/jquery.min.js\" integrity=\"sha512-bLT0Qm9VnAYZDflyKcBaQ2gg0hSYNQrJ8RilYldYQ1FxQYoCLtUjuuRuZo+fjqhx\/qtq\/1itJ0C2ejDxltZVFg==\" crossorigin=\"anonymous\"><\/script>\n<script type=\"text\/javascript\" src=\"https:\/\/media.payrexx.com\/modal\/v1\/modal.min.js\"><\/script>\n<script type=\"text\/javascript\">\n    jQuery(\".btn-payrexx-modal\").payrexxModal();\n<\/script>\n<style type=\"text\/css\">\n.btn-payrexx {\n\tdisplay: inline-block;\n\twidth: auto;\n\tpadding: 6px 20px 6px 20px;\n\tfont-size: 20px;\n\tfont-weight: 300;\n\twhite-space: inherit;\n\tbackground-color: #F5D7D7;\n\tborder: 0;\n\toutline: 0;\n\ttext-decoration: none;\n\tcolor: #ffffff;\n\tborder-radius: 3px;\n\t-webkit-transition: background-color 300ms ease-out;\n\t-moz-transition: background-color 300ms ease-out;\n\t-o-transition: background-color 300ms ease-out;\n\ttransition: background-color 300ms ease-out;\n}\n.btn-payrexx:focus, .btn-payrexx:hover {\n\tbackground-color: #b78048;\n\tcolor: #ffffff;\n}\n<\/style>\n\n\n\n<p><\/p>\n\n\n\n<div style=\"height:25px\" aria-hidden=\"true\" class=\"wp-block-spacer\"><\/div>\n\n\n\n<h4 class=\"wp-block-heading\">Exon\u00e9rations fiscales<\/h4>\n\n\n\n<p>Par d\u00e9cision du 27 mai 2024, le service cantonal des contributions a reconnu l&rsquo;association de soutien comme \u00e9tant d&rsquo;utilit\u00e9 publique. Les dons \u00e0 l&rsquo;association peuvent donc \u00eatre d\u00e9duits des imp\u00f4ts. Une confirmation correspondante sera envoy\u00e9e une fois par an.<\/p>\n\n\n\n<h4 class=\"wp-block-heading\">Organisation de l&rsquo;association de soutien<\/h4>\n\n\n\n<p>Le comit\u00e9 se compose de cinq personnes.<\/p>\n\n\n\n<ul class=\"wp-block-list\">\n<li>Pascal K\u00e4nzig, Pr\u00e9sident<\/li>\n\n\n\n<li>Annette L\u00fcthi-Sommer, Kleinb\u00f6singen<\/li>\n\n\n\n<li>Norbert Wysser-H\u00e4ni, Pasteur<\/li>\n\n\n\n<li>Thomas Wolter, Membre du conseil de paroisse, Cordast<\/li>\n\n\n\n<li>Delphine Hugi, Cordast<\/li>\n<\/ul>\n\n\n\n<p><a href=\"http:\/\/www.ref-cordast.ch\/wp-content\/uploads\/2024\/05\/Statuten-bilingue-Spirit-Cordast-1874.pdf\" data-type=\"attachment\" data-id=\"6095\" target=\"_blank\" rel=\"noreferrer noopener\">Statuts de fondation du 4 mars 2024<\/a> (PDF)<\/p>\n\n\n\n<div style=\"height:25px\" aria-hidden=\"true\" class=\"wp-block-spacer\"><\/div>\n<noscript class=\"ninja-forms-noscript-message\">\n\tRemarque\u00a0: JavaScript est requis pour ce contenu.<\/noscript>\n<div id=\"nf-form-3-cont\" class=\"nf-form-cont\" aria-live=\"polite\" aria-labelledby=\"nf-form-title-3\" aria-describedby=\"nf-form-errors-3\" role=\"form\">\n\n    <div class=\"nf-loading-spinner\"><\/div>\n\n<\/div>\n        <!-- That data is being printed as a workaround to page builders reordering the order of the scripts loaded-->\n        <script>var formDisplay=1;var nfForms=nfForms||[];var form=[];form.id='3';form.settings={\"objectType\":\"Form Setting\",\"editActive\":true,\"title\":\"Mitglied des F\\u00f6rdervereins werden\",\"created_at\":\"2024-03-03 21:25:11\",\"form_title\":\"Event Registration\",\"default_label_pos\":\"above\",\"show_title\":\"1\",\"clear_complete\":\"1\",\"hide_complete\":\"1\",\"logged_in\":\"0\",\"key\":\"\",\"wrapper_class\":\"\",\"element_class\":\"\",\"add_submit\":\"0\",\"not_logged_in_msg\":\"\",\"sub_limit_number\":\"\",\"sub_limit_msg\":\"\",\"calculations\":[],\"formContentData\":[\"mitglied-kategorie_1709497697654\",\"vorname_1708082635960\",\"nachname_1708082753010\",\"address_1708082854784\",\"postleitzahl_1708082950560\",\"ort_1708082934627\",\"telefon_mobile_1708082825009\",\"email_1708082781823\",\"geburtsdatum_1708083007991\",\"bemerkungen_1708083584227\",\"submit_1708084213670\"],\"currency\":\"\",\"unique_field_error\":\"A form with this value has already been submitted.\",\"form_title_heading_level\":\"1\",\"changeEmailErrorMsg\":\"Veuillez saisir une adresse de messagerie valide. Ex\\u00a0: jean.dupont@gmail.com\",\"changeDateErrorMsg\":\"Veuillez saisir une date valide\\u00a0!\",\"confirmFieldErrorMsg\":\"Ces champs doivent correspondre\\u00a0!\",\"fieldNumberNumMinError\":\"Erreur de nombre min.\",\"fieldNumberNumMaxError\":\"Erreur de nombre max.\",\"fieldNumberIncrementBy\":\"Veuillez incr\\u00e9menter par \",\"formErrorsCorrectErrors\":\"Veuillez corriger les erreurs avant d\\u2019envoyer ce formulaire.\",\"validateRequiredField\":\"Ce champ est obligatoire.\",\"honeypotHoneypotError\":\"Erreur Honeypot\",\"fieldsMarkedRequired\":\"Les champs marqu\\u00e9s d\\u2019un <span class=\\\"ninja-forms-req-symbol\\\">*<\\\/span> sont obligatoires\",\"drawerDisabled\":false,\"allow_public_link\":0,\"embed_form\":\"\",\"ninjaForms\":\"Ninja Forms\",\"fieldTextareaRTEInsertLink\":\"Ins\\u00e9rer un lien\",\"fieldTextareaRTEInsertMedia\":\"Ins\\u00e9rer un m\\u00e9dia\",\"fieldTextareaRTESelectAFile\":\"S\\u00e9lectionnez un fichier\",\"formHoneypot\":\"Si vous \\u00eates un \\u00eatre humain et que vous voyez ce champ, veuillez le laisser vide.\",\"fileUploadOldCodeFileUploadInProgress\":\"T\\u00e9l\\u00e9versement du fichier en cours.\",\"fileUploadOldCodeFileUpload\":\"T\\u00c9L\\u00c9VERSEMENT DE FICHIER\",\"currencySymbol\":\"&#67;&#72;&#70;\",\"thousands_sep\":\"\\u00a0\",\"decimal_point\":\",\",\"siteLocale\":\"fr_FR\",\"dateFormat\":\"d.m.Y\",\"startOfWeek\":\"1\",\"of\":\"sur\",\"previousMonth\":\"Mois pr\\u00e9c\\u00e9dent\",\"nextMonth\":\"Mois suivant\",\"months\":[\"Janvier\",\"F\\u00e9vrier\",\"Mars\",\"Avril\",\"Mai\",\"Juin\",\"Juillet\",\"Ao\\u00fbt\",\"Septembre\",\"Octobre\",\"Novembre\",\"D\\u00e9cembre\"],\"monthsShort\":[\"Jan\",\"F\\u00e9v\",\"Mar\",\"Avr\",\"Mai\",\"Juin\",\"Juil\",\"Ao\\u00fb\",\"Sep\",\"Oct\",\"Nov\",\"D\\u00e9c\"],\"weekdays\":[\"Dimanche\",\"Lundi\",\"Mardi\",\"Mercredi\",\"Jeudi\",\"Vendredi\",\"Samedi\"],\"weekdaysShort\":[\"Dim\",\"Lun\",\"Mar\",\"Mer\",\"Jeu\",\"Ven\",\"Sam\"],\"weekdaysMin\":[\"Di\",\"Lu\",\"Ma\",\"Me\",\"Je\",\"Ve\",\"Sa\"],\"recaptchaConsentMissing\":\"reCaptcha validation couldn&#039;t load.\",\"recaptchaMissingCookie\":\"reCaptcha v3 validation couldn&#039;t load the cookie needed to submit the form.\",\"recaptchaConsentEvent\":\"Accept reCaptcha cookies before sending the form.\",\"currency_symbol\":\"\",\"beforeForm\":\"\",\"beforeFields\":\"\",\"afterFields\":\"\",\"afterForm\":\"\"};form.fields=[{\"objectType\":\"Field\",\"objectDomain\":\"fields\",\"editActive\":false,\"order\":1,\"idAttribute\":\"id\",\"label\":\"Mitglied-Kategorie\",\"type\":\"listcheckbox\",\"key\":\"mitglied-kategorie_1709497697654\",\"label_pos\":\"above\",\"required\":false,\"options\":[{\"errors\":[],\"max_options\":0,\"label\":\"Personen in der Ausbildung oder mit geringem Einkommen \\u2013 50.00\",\"value\":\"personen-in-der-ausbildung-oder-mit-geringem-einkommen-50-00\",\"calc\":\"\",\"selected\":0,\"order\":0,\"settingModel\":{\"settings\":false,\"hide_merge_tags\":false,\"error\":false,\"name\":\"options\",\"type\":\"option-repeater\",\"label\":\"Optionen <a href=\\\"#\\\" class=\\\"nf-add-new\\\">Erstellen<\\\/a> <a href=\\\"#\\\" class=\\\"extra nf-open-import-tooltip\\\"><i class=\\\"fa fa-sign-in\\\" aria-hidden=\\\"true\\\"><\\\/i> Importieren<\\\/a>\",\"width\":\"full\",\"group\":\"\",\"value\":[{\"label\":\"Eins\",\"value\":\"eins\",\"calc\":\"\",\"selected\":0,\"order\":0},{\"label\":\"Zwei\",\"value\":\"zwei\",\"calc\":\"\",\"selected\":0,\"order\":1},{\"label\":\"Drei\",\"value\":\"drei\",\"calc\":\"\",\"selected\":0,\"order\":2}],\"columns\":{\"label\":{\"header\":\"Beschriftung\",\"default\":\"\"},\"value\":{\"header\":\"Wert\",\"default\":\"\"},\"calc\":{\"header\":\"Berechneter Wert\",\"default\":\"\"},\"selected\":{\"header\":\"<span class=\\\"dashicons dashicons-yes\\\"><\\\/span>\",\"default\":0}}}},{\"errors\":[],\"max_options\":0,\"label\":\" Einzelmitgliedschaft \\u2013 100.00 \",\"value\":\"einzelmitgliedschaft-100-00\",\"calc\":\"\",\"selected\":0,\"order\":1,\"settingModel\":{\"settings\":false,\"hide_merge_tags\":false,\"error\":false,\"name\":\"options\",\"type\":\"option-repeater\",\"label\":\"Optionen <a href=\\\"#\\\" class=\\\"nf-add-new\\\">Erstellen<\\\/a> <a href=\\\"#\\\" class=\\\"extra nf-open-import-tooltip\\\"><i class=\\\"fa fa-sign-in\\\" aria-hidden=\\\"true\\\"><\\\/i> Importieren<\\\/a>\",\"width\":\"full\",\"group\":\"\",\"value\":[{\"label\":\"Eins\",\"value\":\"eins\",\"calc\":\"\",\"selected\":0,\"order\":0},{\"label\":\"Zwei\",\"value\":\"zwei\",\"calc\":\"\",\"selected\":0,\"order\":1},{\"label\":\"Drei\",\"value\":\"drei\",\"calc\":\"\",\"selected\":0,\"order\":2}],\"columns\":{\"label\":{\"header\":\"Beschriftung\",\"default\":\"\"},\"value\":{\"header\":\"Wert\",\"default\":\"\"},\"calc\":{\"header\":\"Berechneter Wert\",\"default\":\"\"},\"selected\":{\"header\":\"<span class=\\\"dashicons dashicons-yes\\\"><\\\/span>\",\"default\":0}}}},{\"errors\":[],\"max_options\":0,\"label\":\"Paare, Familien oder juristische Personen \\u2013 150.00\",\"value\":\"paare-familien-oder-juristische-personen-150-00\",\"calc\":\"\",\"selected\":0,\"order\":2,\"settingModel\":{\"settings\":false,\"hide_merge_tags\":false,\"error\":false,\"name\":\"options\",\"type\":\"option-repeater\",\"label\":\"Optionen <a href=\\\"#\\\" class=\\\"nf-add-new\\\">Erstellen<\\\/a> <a href=\\\"#\\\" class=\\\"extra nf-open-import-tooltip\\\"><i class=\\\"fa fa-sign-in\\\" aria-hidden=\\\"true\\\"><\\\/i> Importieren<\\\/a>\",\"width\":\"full\",\"group\":\"\",\"value\":[{\"label\":\"Eins\",\"value\":\"eins\",\"calc\":\"\",\"selected\":0,\"order\":0},{\"label\":\"Zwei\",\"value\":\"zwei\",\"calc\":\"\",\"selected\":0,\"order\":1},{\"label\":\"Drei\",\"value\":\"drei\",\"calc\":\"\",\"selected\":0,\"order\":2}],\"columns\":{\"label\":{\"header\":\"Beschriftung\",\"default\":\"\"},\"value\":{\"header\":\"Wert\",\"default\":\"\"},\"calc\":{\"header\":\"Berechneter Wert\",\"default\":\"\"},\"selected\":{\"header\":\"<span class=\\\"dashicons dashicons-yes\\\"><\\\/span>\",\"default\":0}}}}],\"container_class\":\"\",\"element_class\":\"\",\"admin_label\":\"\",\"help_text\":\"\",\"drawerDisabled\":false,\"id\":42,\"beforeField\":\"\",\"afterField\":\"\",\"value\":\"\",\"parentType\":\"list\",\"element_templates\":[\"listcheckbox\",\"input\"],\"old_classname\":\"list-checkbox\",\"wrap_template\":\"wrap\"},{\"objectType\":\"Field\",\"objectDomain\":\"fields\",\"editActive\":false,\"order\":2,\"idAttribute\":\"id\",\"label\":\"Vorname\",\"key\":\"vorname_1708082635960\",\"type\":\"firstname\",\"created_at\":\"2016-08-28 16:16:05\",\"label_pos\":\"above\",\"required\":1,\"default\":\"\",\"placeholder\":\"\",\"container_class\":\"one-half first\",\"element_class\":\"\",\"admin_label\":\"\",\"help_text\":\"\",\"desc_text\":\"<p><br><\\\/p>\",\"field_label\":\"Vorname\",\"field_key\":\"vorname_1708082635960\",\"custom_name_attribute\":\"fname\",\"personally_identifiable\":1,\"value\":\"\",\"drawerDisabled\":\"\",\"id\":29,\"beforeField\":\"\",\"afterField\":\"\",\"parentType\":\"firstname\",\"element_templates\":[\"firstname\",\"input\"],\"old_classname\":\"\",\"wrap_template\":\"wrap\"},{\"objectType\":\"Field\",\"objectDomain\":\"fields\",\"editActive\":false,\"order\":3,\"idAttribute\":\"id\",\"label\":\"Nachname\",\"key\":\"nachname_1708082753010\",\"type\":\"lastname\",\"created_at\":\"2016-08-28 16:16:05\",\"label_pos\":\"above\",\"required\":1,\"default\":\"\",\"placeholder\":\"\",\"container_class\":\"one-half\",\"element_class\":\"\",\"admin_label\":\"\",\"help_text\":\"\",\"desc_text\":\"\",\"field_label\":\"Nachname\",\"field_key\":\"nachname_1708082753010\",\"custom_name_attribute\":\"lname\",\"personally_identifiable\":1,\"value\":\"\",\"drawerDisabled\":\"\",\"id\":30,\"beforeField\":\"\",\"afterField\":\"\",\"parentType\":\"lastname\",\"element_templates\":[\"lastname\",\"input\"],\"old_classname\":\"\",\"wrap_template\":\"wrap\"},{\"objectType\":\"Field\",\"objectDomain\":\"fields\",\"editActive\":false,\"order\":4,\"idAttribute\":\"id\",\"label\":\"\\ufeffAdresse\",\"type\":\"address\",\"key\":\"address_1708082854784\",\"label_pos\":\"above\",\"required\":\"\",\"default\":\"\",\"placeholder\":\"Strasse und Nr.\",\"container_class\":\"\",\"element_class\":\"\",\"input_limit\":\"\",\"input_limit_type\":\"characters\",\"input_limit_msg\":\"verbleibende(s) Zeichen\",\"manual_key\":\"\",\"admin_label\":\"\",\"help_text\":\"\",\"mask\":\"\",\"custom_mask\":\"\",\"custom_name_attribute\":\"address\",\"personally_identifiable\":1,\"value\":\"\",\"drawerDisabled\":\"\",\"field_label\":\"\\ufeffAdresse\",\"field_key\":\"address_1708082854784\",\"id\":34,\"beforeField\":\"\",\"afterField\":\"\",\"parentType\":\"address\",\"element_templates\":[\"address\",\"textbox\",\"input\"],\"old_classname\":\"\",\"wrap_template\":\"wrap\"},{\"objectType\":\"Field\",\"objectDomain\":\"fields\",\"editActive\":false,\"order\":5,\"idAttribute\":\"id\",\"label\":\"Postleitzahl\",\"type\":\"zip\",\"key\":\"postleitzahl_1708082950560\",\"label_pos\":\"above\",\"required\":\"\",\"default\":\"\",\"placeholder\":\"\",\"container_class\":\"\",\"element_class\":\"\",\"input_limit\":\"\",\"input_limit_type\":\"characters\",\"input_limit_msg\":\"verbleibende(s) Zeichen\",\"manual_key\":\"\",\"admin_label\":\"\",\"help_text\":\"\",\"mask\":\"\",\"custom_mask\":\"\",\"custom_name_attribute\":\"zip\",\"personally_identifiable\":\"\",\"value\":\"\",\"drawerDisabled\":\"\",\"field_label\":\"Postleitzahl\",\"field_key\":\"postleitzahl_1708082950560\",\"id\":35,\"beforeField\":\"\",\"afterField\":\"\",\"parentType\":\"zip\",\"element_templates\":[\"zip\",\"textbox\",\"input\",\"textbox\",\"input\"],\"old_classname\":\"\",\"wrap_template\":\"wrap\"},{\"objectType\":\"Field\",\"objectDomain\":\"fields\",\"editActive\":false,\"order\":6,\"idAttribute\":\"id\",\"label\":\"Ort\",\"type\":\"city\",\"key\":\"ort_1708082934627\",\"label_pos\":\"above\",\"required\":1,\"default\":\"\",\"placeholder\":\"\",\"container_class\":\"\",\"element_class\":\"\",\"input_limit\":\"\",\"input_limit_type\":\"characters\",\"input_limit_msg\":\"verbleibende(s) Zeichen\",\"manual_key\":\"\",\"admin_label\":\"\",\"help_text\":\"\",\"mask\":\"\",\"custom_mask\":\"\",\"custom_name_attribute\":\"city\",\"personally_identifiable\":\"\",\"value\":\"\",\"drawerDisabled\":\"\",\"field_label\":\"Ort\",\"field_key\":\"ort_1708082934627\",\"id\":36,\"beforeField\":\"\",\"afterField\":\"\",\"parentType\":\"city\",\"element_templates\":[\"city\",\"textbox\",\"input\"],\"old_classname\":\"\",\"wrap_template\":\"wrap\"},{\"objectType\":\"Field\",\"objectDomain\":\"fields\",\"editActive\":false,\"order\":7,\"idAttribute\":\"id\",\"label\":\"Telefon \\\/ Mobile\",\"key\":\"telefon_mobile_1708082825009\",\"type\":\"textbox\",\"created_at\":\"2016-08-28 16:16:05\",\"label_pos\":\"above\",\"required\":0,\"placeholder\":\"\",\"default\":\"\",\"container_class\":\"one-half\",\"element_class\":\"\",\"input_limit\":\"\",\"input_limit_type\":\"characters\",\"input_limit_msg\":\"Character(s) left\",\"manual_key\":\"\",\"disable_input\":\"\",\"admin_label\":\"\",\"help_text\":\"\",\"desc_text\":\"\",\"disable_browser_autocomplete\":\"\",\"mask\":\"\",\"custom_mask\":\"\",\"field_label\":\"Telefon \\\/ Mobile\",\"field_key\":\"telefon_mobile_1708082825009\",\"custom_name_attribute\":\"\",\"personally_identifiable\":\"\",\"value\":\"\",\"drawerDisabled\":false,\"id\":32,\"beforeField\":\"\",\"afterField\":\"\",\"parentType\":\"textbox\",\"element_templates\":[\"textbox\",\"input\"],\"old_classname\":\"\",\"wrap_template\":\"wrap\"},{\"objectType\":\"Field\",\"objectDomain\":\"fields\",\"editActive\":false,\"order\":8,\"idAttribute\":\"id\",\"label\":\"Email\",\"key\":\"email_1708082781823\",\"type\":\"email\",\"created_at\":\"2016-08-28 16:16:05\",\"label_pos\":\"above\",\"required\":0,\"default\":\"\",\"placeholder\":\"\",\"container_class\":\"one-half first\",\"element_class\":\"\",\"admin_label\":\"\",\"help_text\":\"<p><br><\\\/p>\",\"desc_text\":\"\",\"field_label\":\"Email\",\"field_key\":\"email_1708082781823\",\"custom_name_attribute\":\"email\",\"personally_identifiable\":1,\"value\":\"\",\"drawerDisabled\":false,\"id\":31,\"beforeField\":\"\",\"afterField\":\"\",\"parentType\":\"email\",\"element_templates\":[\"email\",\"input\"],\"old_classname\":\"\",\"wrap_template\":\"wrap\"},{\"objectType\":\"Field\",\"objectDomain\":\"fields\",\"editActive\":false,\"order\":9,\"idAttribute\":\"id\",\"label\":\"Geburtsdatum\",\"type\":\"date\",\"key\":\"geburtsdatum_1708083007991\",\"label_pos\":\"above\",\"required\":\"\",\"placeholder\":\"\",\"container_class\":\"\",\"element_class\":\"\",\"manual_key\":\"\",\"admin_label\":\"\",\"help_text\":\"\",\"date_mode\":\"date_only\",\"date_format\":\"DD.MM.YYYY\",\"year_range_start\":\"\",\"year_range_end\":\"\",\"hours_24\":0,\"minute_increment\":5,\"drawerDisabled\":\"\",\"field_label\":\"Geburtsdatum\",\"field_key\":\"geburtsdatum_1708083007991\",\"id\":37,\"beforeField\":\"\",\"afterField\":\"\",\"value\":\"\",\"parentType\":\"date\",\"element_templates\":[\"date\",\"textbox\",\"input\"],\"old_classname\":\"\",\"wrap_template\":\"wrap\"},{\"objectType\":\"Field\",\"objectDomain\":\"fields\",\"editActive\":false,\"order\":10,\"idAttribute\":\"id\",\"label\":\"Bemerkungen\",\"type\":\"textarea\",\"key\":\"bemerkungen_1708083584227\",\"label_pos\":\"above\",\"required\":\"\",\"default\":\"\",\"placeholder\":\"\",\"container_class\":\"\",\"element_class\":\"\",\"input_limit\":\"\",\"input_limit_type\":\"characters\",\"input_limit_msg\":\"verbleibende(s) Zeichen\",\"manual_key\":\"\",\"admin_label\":\"\",\"help_text\":\"\",\"textarea_rte\":0,\"disable_rte_mobile\":\"\",\"textarea_media\":\"\",\"value\":\"\",\"field_label\":\"Bemerkungen\",\"field_key\":\"bemerkungen_1708083584227\",\"id\":40,\"beforeField\":\"\",\"afterField\":\"\",\"parentType\":\"textarea\",\"element_templates\":[\"textarea\",\"input\"],\"old_classname\":\"\",\"wrap_template\":\"wrap\"},{\"objectType\":\"Field\",\"objectDomain\":\"fields\",\"editActive\":false,\"order\":11,\"idAttribute\":\"id\",\"label\":\"Absenden\",\"type\":\"submit\",\"processing_label\":\"Wird verarbeitet\",\"container_class\":\"\",\"element_class\":\"\",\"key\":\"submit_1708084213670\",\"drawerDisabled\":\"\",\"field_label\":\"Absenden\",\"field_key\":\"submit_1708084213670\",\"admin_label\":\"\",\"id\":41,\"beforeField\":\"\",\"afterField\":\"\",\"value\":\"\",\"label_pos\":\"above\",\"parentType\":\"textbox\",\"element_templates\":[\"submit\",\"button\",\"input\"],\"old_classname\":\"\",\"wrap_template\":\"wrap-no-label\"}];nfForms.push(form);<\/script>","protected":false},"excerpt":{"rendered":"<p>Les dons et les cotisations \u00e0 l&rsquo;association \u00ab Spirit Cordast 1874 \u00bb permettent de proposer une large palette d&rsquo;offres ouvertes \u00e0 tous sur le territoire de la paroisse r\u00e9form\u00e9e de Cordast. L&rsquo;association permet \u00e0 la paroisse de Cordast de rester active sur le plan social, m\u00eame si les recettes fiscales sont en baisse, et de [&hellip;]<\/p>\n","protected":false},"author":2,"featured_media":0,"parent":236,"menu_order":0,"comment_status":"closed","ping_status":"closed","template":"","meta":{"footnotes":""},"class_list":["post-6021","page","type-page","status-publish","hentry"],"_links":{"self":[{"href":"https:\/\/ref-cordast.ch\/fr\/wp-json\/wp\/v2\/pages\/6021","targetHints":{"allow":["GET"]}}],"collection":[{"href":"https:\/\/ref-cordast.ch\/fr\/wp-json\/wp\/v2\/pages"}],"about":[{"href":"https:\/\/ref-cordast.ch\/fr\/wp-json\/wp\/v2\/types\/page"}],"author":[{"embeddable":true,"href":"https:\/\/ref-cordast.ch\/fr\/wp-json\/wp\/v2\/users\/2"}],"replies":[{"embeddable":true,"href":"https:\/\/ref-cordast.ch\/fr\/wp-json\/wp\/v2\/comments?post=6021"}],"version-history":[{"count":26,"href":"https:\/\/ref-cordast.ch\/fr\/wp-json\/wp\/v2\/pages\/6021\/revisions"}],"predecessor-version":[{"id":7123,"href":"https:\/\/ref-cordast.ch\/fr\/wp-json\/wp\/v2\/pages\/6021\/revisions\/7123"}],"up":[{"embeddable":true,"href":"https:\/\/ref-cordast.ch\/fr\/wp-json\/wp\/v2\/pages\/236"}],"wp:attachment":[{"href":"https:\/\/ref-cordast.ch\/fr\/wp-json\/wp\/v2\/media?parent=6021"}],"curies":[{"name":"wp","href":"https:\/\/api.w.org\/{rel}","templated":true}]}}