{"id":5373,"date":"2023-03-28T13:33:34","date_gmt":"2023-03-28T13:33:34","guid":{"rendered":"https:\/\/www.ref-cordast.ch\/?page_id=5373"},"modified":"2024-02-29T11:38:18","modified_gmt":"2024-02-29T11:38:18","slug":"kirchgemeinde-in-zahlen","status":"publish","type":"page","link":"https:\/\/ref-cordast.ch\/fr\/about\/kirchgemeinde-in-zahlen\/","title":{"rendered":"La paroisse en chiffres"},"content":{"rendered":"<h4 class=\"wp-block-heading\">Chiffres historiques<\/h4>\n\n\n\n<p>Cr\u00e9ation d&rsquo;une \u00e9cole libre pour les enfants r\u00e9form\u00e9s \u00e0 Gurmels : 1855<br>Fondation d&rsquo;une deuxi\u00e8me \u00e9cole \u00e0 Courtepin : 1860<br>Fondation de la paroisse : 1874<br>Inauguration de l&rsquo;\u00e9glise de Cordast : 1875<br>Fondation du ch\u0153ur mixte (ch\u0153ur paroissial r\u00e9f.) : 1934<br>Construction d&rsquo;un clocher \u00e0 l&rsquo;occasion du 100\u00e8me jubil\u00e9 : 1974 (<a rel=\"noreferrer noopener\" href=\"https:\/\/youtu.be\/aRVjjLQFC00\" target=\"_blank\">documentaire muet<\/a>)<br>Avec la cr\u00e9ation d&rsquo;un poste pastoral francophone, la paroisse devient officiellement bilingue : 1984<\/p>\n\n\n\n<h4 class=\"wp-block-heading\">Imp\u00f4ts<\/h4>\n\n\n\n<p>Personnes physiques (revenu et fortune) : 11,5% de l&rsquo;imp\u00f4t cantonal de base<br>Personnes morales (b\u00e9n\u00e9fice et capital) : 10% de l&rsquo;imp\u00f4t cantonal de base<\/p>\n\n\n\n<h4 class=\"wp-block-heading\">Chiffres statistiques<\/h4>\n\n\n\n<p>Membres (au 1 janvier 2023) : 2&rsquo;372<br>Collectes en 2023 : 14&rsquo;446.42 francs<\/p>\n\n\n\n<p><\/p>","protected":false},"excerpt":{"rendered":"<p>Chiffres historiques Cr\u00e9ation d&rsquo;une \u00e9cole libre pour les enfants r\u00e9form\u00e9s \u00e0 Gurmels : 1855Fondation d&rsquo;une deuxi\u00e8me \u00e9cole \u00e0 Courtepin : 1860Fondation de la paroisse : 1874Inauguration de l&rsquo;\u00e9glise de Cordast : 1875Fondation du ch\u0153ur mixte (ch\u0153ur paroissial r\u00e9f.) : 1934Construction d&rsquo;un clocher \u00e0 l&rsquo;occasion du 100\u00e8me jubil\u00e9 : 1974 (documentaire muet)Avec la cr\u00e9ation d&rsquo;un poste [&hellip;]<\/p>\n","protected":false},"author":2,"featured_media":0,"parent":236,"menu_order":0,"comment_status":"closed","ping_status":"closed","template":"","meta":{"footnotes":""},"class_list":["post-5373","page","type-page","status-publish","hentry"],"_links":{"self":[{"href":"https:\/\/ref-cordast.ch\/fr\/wp-json\/wp\/v2\/pages\/5373","targetHints":{"allow":["GET"]}}],"collection":[{"href":"https:\/\/ref-cordast.ch\/fr\/wp-json\/wp\/v2\/pages"}],"about":[{"href":"https:\/\/ref-cordast.ch\/fr\/wp-json\/wp\/v2\/types\/page"}],"author":[{"embeddable":true,"href":"https:\/\/ref-cordast.ch\/fr\/wp-json\/wp\/v2\/users\/2"}],"replies":[{"embeddable":true,"href":"https:\/\/ref-cordast.ch\/fr\/wp-json\/wp\/v2\/comments?post=5373"}],"version-history":[{"count":5,"href":"https:\/\/ref-cordast.ch\/fr\/wp-json\/wp\/v2\/pages\/5373\/revisions"}],"predecessor-version":[{"id":6076,"href":"https:\/\/ref-cordast.ch\/fr\/wp-json\/wp\/v2\/pages\/5373\/revisions\/6076"}],"up":[{"embeddable":true,"href":"https:\/\/ref-cordast.ch\/fr\/wp-json\/wp\/v2\/pages\/236"}],"wp:attachment":[{"href":"https:\/\/ref-cordast.ch\/fr\/wp-json\/wp\/v2\/media?parent=5373"}],"curies":[{"name":"wp","href":"https:\/\/api.w.org\/{rel}","templated":true}]}}