{"id":279,"date":"2018-03-10T18:35:47","date_gmt":"2018-03-10T18:35:47","guid":{"rendered":"https:\/\/www.ref-cordast.ch\/?page_id=279"},"modified":"2018-04-10T15:20:00","modified_gmt":"2018-04-10T15:20:00","slug":"menschen","status":"publish","type":"page","link":"https:\/\/ref-cordast.ch\/fr\/about\/menschen\/","title":{"rendered":"Personnes"},"content":{"rendered":"<div class=\"dvteam-filterable\">\n<ul id=\"dvfilters1119724849\" class=\"dvfilters\">\n    <li data-filter=\"gridall\" class=\"gridactive\">All<\/li>\n        <li data-filter=\"dvfilter19\">Administration<\/li>\n        <li data-filter=\"dvfilter41\">Personnes \u00e2g\u00e9es<\/li>\n        <li data-filter=\"dvfilter40\">Jeunesse<\/li>\n        <li data-filter=\"dvfilter21\">Enfants, adultes et diaconie<\/li>\n        <li data-filter=\"dvfilter13\">Conseil de paroisse<\/li>\n        <li data-filter=\"dvfilter17\">Musique<\/li>\n        <li data-filter=\"dvfilter12\">L\u2019\u00e9quipe pastorale<\/li>\n        <li data-filter=\"dvfilter20\">Synodaux<\/li>\n        <li data-filter=\"dvfilter18\">Entretien<\/li>\n        <li data-filter=\"dvfilter16\">Enseignant-e-s<\/li>\n    <\/ul>\n<div class=\"dvfilters-clear\"><\/div>\n\n<ul id=\"dvteamgrid1119724849\" class=\"dvwookmark-filterable dvteamgrid dvteamgrid-default\" data-dvalign=\"left\" data-dvoffset=\"20\" data-dvwidth=\"180\" style=\"visibility:hidden;\">\n    <li id=\"dvteamid-447\" data-filter-class='[\"gridall\",&quot;dvfilter13&quot;, &quot;dvfilter20&quot;]'>\n            <figure>\n            <a id=\"dvgridboxlink1119724849447\" href=\"#dvteambox1119724849447\" >\n                <img decoding=\"async\" src=\"https:\/\/ref-cordast.ch\/wp-content\/uploads\/2018\/04\/silvia_aegerter_dsc06217-e1526406788707.jpg\" alt=\"Silvia Aegerter\" \/>\n                                <div class=\"dv-member-zoom\"><i class=\"dvteamicon-info\"><\/i><\/div>\n                            <\/a>\n                <figcaption>\n                    <div class=\"dv-member-desc\">\n                        <div><span class=\"dv-member-name\">Silvia Aegerter<\/span><\/div>\n                                                <div><span class=\"dv-member-info\">Pr\u00e9sidente du conseil de paroisse<\/span><\/div>\n                                            <\/div>\n                <\/figcaption>\n        <\/figure>\n    <\/li>\n        <li id=\"dvteamid-4762\" data-filter-class='[\"gridall\",&quot;dvfilter40&quot;, &quot;dvfilter13&quot;, &quot;dvfilter12&quot;]'>\n            <figure>\n            <a id=\"dvgridboxlink11197248494762\" href=\"#dvteambox11197248494762\" >\n                <img decoding=\"async\" src=\"https:\/\/ref-cordast.ch\/wp-content\/uploads\/2022\/07\/Johanna-Bernhard-1.jpg\" alt=\"Johanna Bernhard\" \/>\n                                <div class=\"dv-member-zoom\"><i class=\"dvteamicon-info\"><\/i><\/div>\n                            <\/a>\n                <figcaption>\n                    <div class=\"dv-member-desc\">\n                        <div><span class=\"dv-member-name\">Johanna Bernhard<\/span><\/div>\n                                                <div><span class=\"dv-member-info\">Pasteure germanophone (65%)<\/span><\/div>\n                                            <\/div>\n                <\/figcaption>\n        <\/figure>\n    <\/li>\n        <li id=\"dvteamid-4324\" data-filter-class='[\"gridall\",&quot;dvfilter16&quot;]'>\n            <figure>\n            <a id=\"dvgridboxlink11197248494324\" href=\"#dvteambox11197248494324\" >\n                <img decoding=\"async\" src=\"https:\/\/ref-cordast.ch\/wp-content\/uploads\/2021\/12\/Corine-Bouduban-e1638802450596.jpg\" alt=\"Corine Bouduban-Schneiter\" \/>\n                                <div class=\"dv-member-zoom\"><i class=\"dvteamicon-info\"><\/i><\/div>\n                            <\/a>\n                <figcaption>\n                    <div class=\"dv-member-desc\">\n                        <div><span class=\"dv-member-name\">Corine Bouduban-Schneiter<\/span><\/div>\n                                                <div><span class=\"dv-member-info\">Cat\u00e9ch\u00e8te<\/span><\/div>\n                                            <\/div>\n                <\/figcaption>\n        <\/figure>\n    <\/li>\n        <li id=\"dvteamid-552\" data-filter-class='[\"gridall\",&quot;dvfilter16&quot;]'>\n            <figure>\n            <a id=\"dvgridboxlink1119724849552\" href=\"#dvteambox1119724849552\" >\n                <img decoding=\"async\" src=\"https:\/\/ref-cordast.ch\/wp-content\/uploads\/2018\/04\/Sophie-Campiche-e1526374169469.jpg\" alt=\"Sophie Campiche\" \/>\n                                <div class=\"dv-member-zoom\"><i class=\"dvteamicon-info\"><\/i><\/div>\n                            <\/a>\n                <figcaption>\n                    <div class=\"dv-member-desc\">\n                        <div><span class=\"dv-member-name\">Sophie Campiche<\/span><\/div>\n                                                <div><span class=\"dv-member-info\">Cat\u00e9ch\u00e8te<\/span><\/div>\n                                            <\/div>\n                <\/figcaption>\n        <\/figure>\n    <\/li>\n        <li id=\"dvteamid-4138\" data-filter-class='[\"gridall\",&quot;dvfilter16&quot;]'>\n            <figure>\n            <a id=\"dvgridboxlink11197248494138\" href=\"#dvteambox11197248494138\" >\n                <img decoding=\"async\" src=\"https:\/\/ref-cordast.ch\/wp-content\/uploads\/2021\/08\/Mirjam-Erhard-1-1-e1720888980138.jpg\" alt=\"Mirjam Erhard\" \/>\n                                <div class=\"dv-member-zoom\"><i class=\"dvteamicon-info\"><\/i><\/div>\n                            <\/a>\n                <figcaption>\n                    <div class=\"dv-member-desc\">\n                        <div><span class=\"dv-member-name\">Mirjam Erhard<\/span><\/div>\n                                                <div><span class=\"dv-member-info\">Cat\u00e9ch\u00e8te<\/span><\/div>\n                                            <\/div>\n                <\/figcaption>\n        <\/figure>\n    <\/li>\n        <li id=\"dvteamid-2190\" data-filter-class='[\"gridall\",&quot;dvfilter17&quot;]'>\n            <figure>\n            <a id=\"dvgridboxlink11197248492190\" href=\"#dvteambox11197248492190\" >\n                <img decoding=\"async\" src=\"https:\/\/ref-cordast.ch\/wp-content\/uploads\/2023\/08\/VILI-GOSPODINOVA.jpg\" alt=\"Vili Gospodinova\" \/>\n                                <div class=\"dv-member-zoom\"><i class=\"dvteamicon-info\"><\/i><\/div>\n                            <\/a>\n                <figcaption>\n                    <div class=\"dv-member-desc\">\n                        <div><span class=\"dv-member-name\">Vili Gospodinova<\/span><\/div>\n                                                <div><span class=\"dv-member-info\">Organiste<\/span><\/div>\n                                            <\/div>\n                <\/figcaption>\n        <\/figure>\n    <\/li>\n        <li id=\"dvteamid-4095\" data-filter-class='[\"gridall\",&quot;dvfilter16&quot;]'>\n            <figure>\n            <a id=\"dvgridboxlink11197248494095\" href=\"#dvteambox11197248494095\" >\n                <img decoding=\"async\" src=\"https:\/\/ref-cordast.ch\/wp-content\/uploads\/2021\/07\/Dolores-768x1024.jpg\" alt=\"Maria-Dolores Hofmann\" \/>\n                                <div class=\"dv-member-zoom\"><i class=\"dvteamicon-info\"><\/i><\/div>\n                            <\/a>\n                <figcaption>\n                    <div class=\"dv-member-desc\">\n                        <div><span class=\"dv-member-name\">Maria-Dolores Hofmann<\/span><\/div>\n                                                <div><span class=\"dv-member-info\">Cat\u00e9ch\u00e8te<\/span><\/div>\n                                            <\/div>\n                <\/figcaption>\n        <\/figure>\n    <\/li>\n        <li id=\"dvteamid-501\" data-filter-class='[\"gridall\",&quot;dvfilter13&quot;]'>\n            <figure>\n            <a id=\"dvgridboxlink1119724849501\" href=\"#dvteambox1119724849501\" >\n                <img decoding=\"async\" src=\"https:\/\/ref-cordast.ch\/wp-content\/uploads\/2019\/12\/Bernhard-2-e1578176207249.jpg\" alt=\"Bernhard Hostettler\" \/>\n                                <div class=\"dv-member-zoom\"><i class=\"dvteamicon-info\"><\/i><\/div>\n                            <\/a>\n                <figcaption>\n                    <div class=\"dv-member-desc\">\n                        <div><span class=\"dv-member-name\">Bernhard Hostettler<\/span><\/div>\n                                                <div><span class=\"dv-member-info\">Membre du conseil, vice-pr\u00e9sident, Ressort Finances et Construction et entretien<\/span><\/div>\n                                            <\/div>\n                <\/figcaption>\n        <\/figure>\n    <\/li>\n        <li id=\"dvteamid-3946\" data-filter-class='[\"gridall\",&quot;dvfilter18&quot;]'>\n            <figure>\n            <a id=\"dvgridboxlink11197248493946\" href=\"#dvteambox11197248493946\" >\n                <img decoding=\"async\" src=\"https:\/\/ref-cordast.ch\/wp-content\/uploads\/2024\/08\/image0-e1725173676326-767x1024.jpeg\" alt=\"Marion Kappeler\" \/>\n                                <div class=\"dv-member-zoom\"><i class=\"dvteamicon-info\"><\/i><\/div>\n                            <\/a>\n                <figcaption>\n                    <div class=\"dv-member-desc\">\n                        <div><span class=\"dv-member-name\">Marion Kappeler<\/span><\/div>\n                                                <div><span class=\"dv-member-info\">Jardini\u00e8re du cimeti\u00e8re Concierge<\/span><\/div>\n                                            <\/div>\n                <\/figcaption>\n        <\/figure>\n    <\/li>\n        <li id=\"dvteamid-3700\" data-filter-class='[\"gridall\",&quot;dvfilter13&quot;]'>\n            <figure>\n            <a id=\"dvgridboxlink11197248493700\" href=\"#dvteambox11197248493700\" >\n                <img decoding=\"async\" src=\"https:\/\/ref-cordast.ch\/wp-content\/uploads\/2020\/12\/Susanne_Kuonen-e1612272818265-768x1024.jpg\" alt=\"Susanne Kuonen\" \/>\n                                <div class=\"dv-member-zoom\"><i class=\"dvteamicon-info\"><\/i><\/div>\n                            <\/a>\n                <figcaption>\n                    <div class=\"dv-member-desc\">\n                        <div><span class=\"dv-member-name\">Susanne Kuonen<\/span><\/div>\n                                                <div><span class=\"dv-member-info\">Membre du conseil Ressort Personnel<\/span><\/div>\n                                            <\/div>\n                <\/figcaption>\n        <\/figure>\n    <\/li>\n        <li id=\"dvteamid-4136\" data-filter-class='[\"gridall\",&quot;dvfilter16&quot;]'>\n            <figure>\n            <a id=\"dvgridboxlink11197248494136\" href=\"#dvteambox11197248494136\" >\n                <img decoding=\"async\" src=\"https:\/\/ref-cordast.ch\/wp-content\/uploads\/2021\/08\/Irene_Loeffel-768x1024.jpg\" alt=\"Ir\u00e8ne L\u00f6ffel\" \/>\n                                <div class=\"dv-member-zoom\"><i class=\"dvteamicon-info\"><\/i><\/div>\n                            <\/a>\n                <figcaption>\n                    <div class=\"dv-member-desc\">\n                        <div><span class=\"dv-member-name\">Ir\u00e8ne L\u00f6ffel<\/span><\/div>\n                                                <div><span class=\"dv-member-info\">Cat\u00e9ch\u00e8te<\/span><\/div>\n                                            <\/div>\n                <\/figcaption>\n        <\/figure>\n    <\/li>\n        <li id=\"dvteamid-558\" data-filter-class='[\"gridall\",&quot;dvfilter16&quot;]'>\n            <figure>\n            <a id=\"dvgridboxlink1119724849558\" href=\"#dvteambox1119724849558\" >\n                <img decoding=\"async\" src=\"https:\/\/ref-cordast.ch\/wp-content\/uploads\/2018\/04\/image-e1524760790687.png\" alt=\"Iris Meyer\" \/>\n                                <div class=\"dv-member-zoom\"><i class=\"dvteamicon-info\"><\/i><\/div>\n                            <\/a>\n                <figcaption>\n                    <div class=\"dv-member-desc\">\n                        <div><span class=\"dv-member-name\">Iris Meyer<\/span><\/div>\n                                                <div><span class=\"dv-member-info\">Cat\u00e9ch\u00e8te<\/span><\/div>\n                                            <\/div>\n                <\/figcaption>\n        <\/figure>\n    <\/li>\n        <li id=\"dvteamid-5826\" data-filter-class='[\"gridall\",&quot;dvfilter16&quot;]'>\n            <figure>\n            <a id=\"dvgridboxlink11197248495826\" href=\"#dvteambox11197248495826\" >\n                <img decoding=\"async\" src=\"https:\/\/ref-cordast.ch\/wp-content\/uploads\/2023\/12\/DSCF1349-e1702288941221.jpeg\" alt=\"Irene M\u00fcller\" \/>\n                                <div class=\"dv-member-zoom\"><i class=\"dvteamicon-info\"><\/i><\/div>\n                            <\/a>\n                <figcaption>\n                    <div class=\"dv-member-desc\">\n                        <div><span class=\"dv-member-name\">Irene M\u00fcller<\/span><\/div>\n                                                <div><span class=\"dv-member-info\">Cat\u00e9ch\u00e8te en formation<\/span><\/div>\n                                            <\/div>\n                <\/figcaption>\n        <\/figure>\n    <\/li>\n        <li id=\"dvteamid-794\" data-filter-class='[\"gridall\",&quot;dvfilter19&quot;]'>\n            <figure>\n            <a id=\"dvgridboxlink1119724849794\" href=\"#dvteambox1119724849794\" >\n                <img decoding=\"async\" src=\"https:\/\/ref-cordast.ch\/wp-content\/uploads\/2018\/04\/nicole_neu.jpg\" alt=\"Nicole Schorro-Spack\" \/>\n                                <div class=\"dv-member-zoom\"><i class=\"dvteamicon-info\"><\/i><\/div>\n                            <\/a>\n                <figcaption>\n                    <div class=\"dv-member-desc\">\n                        <div><span class=\"dv-member-name\">Nicole Schorro-Spack<\/span><\/div>\n                                                <div><span class=\"dv-member-info\">Caissi\u00e8re<\/span><\/div>\n                                            <\/div>\n                <\/figcaption>\n        <\/figure>\n    <\/li>\n        <li id=\"dvteamid-368\" data-filter-class='[\"gridall\",&quot;dvfilter13&quot;, &quot;dvfilter20&quot;]'>\n            <figure>\n            <a id=\"dvgridboxlink1119724849368\" href=\"#dvteambox1119724849368\" >\n                <img decoding=\"async\" src=\"https:\/\/ref-cordast.ch\/wp-content\/uploads\/2018\/04\/DSC_0699-e1546845425321-769x1024.jpg\" alt=\"Monika Stupan-Minder\" \/>\n                                <div class=\"dv-member-zoom\"><i class=\"dvteamicon-info\"><\/i><\/div>\n                            <\/a>\n                <figcaption>\n                    <div class=\"dv-member-desc\">\n                        <div><span class=\"dv-member-name\">Monika Stupan-Minder<\/span><\/div>\n                                                <div><span class=\"dv-member-info\">Membre du conseil Ressort Diaconat, Musique et l&#039;\u00e9quipe de l&#039;ap\u00e9ro<\/span><\/div>\n                                            <\/div>\n                <\/figcaption>\n        <\/figure>\n    <\/li>\n        <li id=\"dvteamid-4273\" data-filter-class='[\"gridall\",&quot;dvfilter19&quot;]'>\n            <figure>\n            <a id=\"dvgridboxlink11197248494273\" href=\"#dvteambox11197248494273\" >\n                <img decoding=\"async\" src=\"https:\/\/ref-cordast.ch\/wp-content\/uploads\/2021\/11\/Foto-farbig-scaled-e1637233638393-768x1024.jpg\" alt=\"Carole Vonlanthen\" \/>\n                                <div class=\"dv-member-zoom\"><i class=\"dvteamicon-info\"><\/i><\/div>\n                            <\/a>\n                <figcaption>\n                    <div class=\"dv-member-desc\">\n                        <div><span class=\"dv-member-name\">Carole Vonlanthen<\/span><\/div>\n                                                <div><span class=\"dv-member-info\">Secr\u00e9tariat<\/span><\/div>\n                                            <\/div>\n                <\/figcaption>\n        <\/figure>\n    <\/li>\n        <li id=\"dvteamid-499\" data-filter-class='[\"gridall\",&quot;dvfilter16&quot;]'>\n            <figure>\n            <a id=\"dvgridboxlink1119724849499\" href=\"#dvteambox1119724849499\" >\n                <img decoding=\"async\" src=\"https:\/\/ref-cordast.ch\/wp-content\/uploads\/2018\/04\/IMG_3597-e1527454440260-770x1024.jpg\" alt=\"Saskia Wolter\" \/>\n                                <div class=\"dv-member-zoom\"><i class=\"dvteamicon-info\"><\/i><\/div>\n                            <\/a>\n                <figcaption>\n                    <div class=\"dv-member-desc\">\n                        <div><span class=\"dv-member-name\">Saskia Wolter<\/span><\/div>\n                                                <div><span class=\"dv-member-info\">Cat\u00e9ch\u00e8te und synodal<\/span><\/div>\n                                            <\/div>\n                <\/figcaption>\n        <\/figure>\n    <\/li>\n        <li id=\"dvteamid-4079\" data-filter-class='[\"gridall\",&quot;dvfilter13&quot;]'>\n            <figure>\n            <a id=\"dvgridboxlink11197248494079\" href=\"#dvteambox11197248494079\" >\n                <img decoding=\"async\" src=\"https:\/\/ref-cordast.ch\/wp-content\/uploads\/2021\/07\/20210612_150050-scaled-e1626972788485-767x1024.jpg\" alt=\"Thomas Wolter\" \/>\n                                <div class=\"dv-member-zoom\"><i class=\"dvteamicon-info\"><\/i><\/div>\n                            <\/a>\n                <figcaption>\n                    <div class=\"dv-member-desc\">\n                        <div><span class=\"dv-member-name\">Thomas Wolter<\/span><\/div>\n                                                <div><span class=\"dv-member-info\">Membre du conseil Ressort Jeunesse, Cat\u00e9ch\u00e8se et communication<\/span><\/div>\n                                            <\/div>\n                <\/figcaption>\n        <\/figure>\n    <\/li>\n        <li id=\"dvteamid-4081\" data-filter-class='[\"gridall\",&quot;dvfilter17&quot;]'>\n            <figure>\n            <a id=\"dvgridboxlink11197248494081\" href=\"#dvteambox11197248494081\" >\n                <img decoding=\"async\" src=\"https:\/\/ref-cordast.ch\/wp-content\/uploads\/2021\/07\/NVSG2533-e1626973155821-769x1024.jpg\" alt=\"Barbara W\u00fcstefeld\" \/>\n                                <div class=\"dv-member-zoom\"><i class=\"dvteamicon-info\"><\/i><\/div>\n                            <\/a>\n                <figcaption>\n                    <div class=\"dv-member-desc\">\n                        <div><span class=\"dv-member-name\">Barbara W\u00fcstefeld<\/span><\/div>\n                                                <div><span class=\"dv-member-info\">Organiste<\/span><\/div>\n                                            <\/div>\n                <\/figcaption>\n        <\/figure>\n    <\/li>\n        <li id=\"dvteamid-458\" data-filter-class='[\"gridall\",&quot;dvfilter41&quot;, &quot;dvfilter21&quot;, &quot;dvfilter16&quot;]'>\n            <figure>\n            <a id=\"dvgridboxlink1119724849458\" href=\"#dvteambox1119724849458\" >\n                <img decoding=\"async\" src=\"https:\/\/ref-cordast.ch\/wp-content\/uploads\/2018\/05\/Monika-Zurkinden-e1526406842861.jpg\" alt=\"Monika Zurkinden\" \/>\n                                <div class=\"dv-member-zoom\"><i class=\"dvteamicon-info\"><\/i><\/div>\n                            <\/a>\n                <figcaption>\n                    <div class=\"dv-member-desc\">\n                        <div><span class=\"dv-member-name\">Monika Zurkinden<\/span><\/div>\n                                                <div><span class=\"dv-member-info\">Cat\u00e9ch\u00e8te et charg\u00e9e de projet enfants\/adults<\/span><\/div>\n                                            <\/div>\n                <\/figcaption>\n        <\/figure>\n    <\/li>\n    <\/ul>\n<\/div>\n<div class=\"dv-clear\"><\/div>\n\n","protected":false},"excerpt":{"rendered":"","protected":false},"author":9,"featured_media":0,"parent":236,"menu_order":0,"comment_status":"closed","ping_status":"closed","template":"","meta":{"footnotes":""},"class_list":["post-279","page","type-page","status-publish","hentry"],"_links":{"self":[{"href":"https:\/\/ref-cordast.ch\/fr\/wp-json\/wp\/v2\/pages\/279","targetHints":{"allow":["GET"]}}],"collection":[{"href":"https:\/\/ref-cordast.ch\/fr\/wp-json\/wp\/v2\/pages"}],"about":[{"href":"https:\/\/ref-cordast.ch\/fr\/wp-json\/wp\/v2\/types\/page"}],"author":[{"embeddable":true,"href":"https:\/\/ref-cordast.ch\/fr\/wp-json\/wp\/v2\/users\/9"}],"replies":[{"embeddable":true,"href":"https:\/\/ref-cordast.ch\/fr\/wp-json\/wp\/v2\/comments?post=279"}],"version-history":[{"count":2,"href":"https:\/\/ref-cordast.ch\/fr\/wp-json\/wp\/v2\/pages\/279\/revisions"}],"predecessor-version":[{"id":466,"href":"https:\/\/ref-cordast.ch\/fr\/wp-json\/wp\/v2\/pages\/279\/revisions\/466"}],"up":[{"embeddable":true,"href":"https:\/\/ref-cordast.ch\/fr\/wp-json\/wp\/v2\/pages\/236"}],"wp:attachment":[{"href":"https:\/\/ref-cordast.ch\/fr\/wp-json\/wp\/v2\/media?parent=279"}],"curies":[{"name":"wp","href":"https:\/\/api.w.org\/{rel}","templated":true}]}}