{"id":200,"date":"2018-03-10T17:43:50","date_gmt":"2018-03-10T17:43:50","guid":{"rendered":"https:\/\/www.ref-cordast.ch\/?page_id=200"},"modified":"2025-08-18T13:54:15","modified_gmt":"2025-08-18T13:54:15","slug":"accos","status":"publish","type":"page","link":"https:\/\/ref-cordast.ch\/fr\/aktivitaeten\/jugend\/accos\/","title":{"rendered":"Accomps"},"content":{"rendered":"<div class=\"wp-block-image\">\n<figure class=\"aligncenter size-large is-resized\"><img loading=\"lazy\" decoding=\"async\" width=\"1024\" height=\"682\" src=\"https:\/\/ref-cordast.ch\/wp-content\/uploads\/2025\/08\/team-4529717_1280-1024x682.jpg\" alt=\"\" class=\"wp-image-7344\" style=\"width:502px;height:auto\" srcset=\"https:\/\/ref-cordast.ch\/wp-content\/uploads\/2025\/08\/team-4529717_1280-1024x682.jpg 1024w, https:\/\/ref-cordast.ch\/wp-content\/uploads\/2025\/08\/team-4529717_1280-300x200.jpg 300w, https:\/\/ref-cordast.ch\/wp-content\/uploads\/2025\/08\/team-4529717_1280-768x512.jpg 768w, https:\/\/ref-cordast.ch\/wp-content\/uploads\/2025\/08\/team-4529717_1280-600x400.jpg 600w, https:\/\/ref-cordast.ch\/wp-content\/uploads\/2025\/08\/team-4529717_1280.jpg 1280w\" sizes=\"auto, (max-width: 1024px) 100vw, 1024px\" \/><\/figure>\n<\/div>\n\n\n<p><\/p>\n\n\n\n<div class=\"wp-block-group is-nowrap is-layout-flex wp-container-core-group-is-layout-ad2f72ca wp-block-group-is-layout-flex\">\n<p> Apr\u00e8s leur confirmation, chaque jeune peut continuer \u00e0 trouver dans l&rsquo;\u00e9glise un lieu de formation et d&rsquo;engagement pour accompagner les groupes de plus jeunes vers leur propre confirmation lors des camps, des weekends et autres activit\u00e9s. Pour cela les jeunes peuvent se former aupr\u00e8s de l&rsquo;\u00e9glise cantonale.<\/p>\n\n\n<ul id=\"dvteamgrid2092055980\" class=\"dvwookmark dvteamgrid \" data-dvalign=\"left\" data-dvoffset=\"20\" data-dvwidth=\"180\">\n<\/ul>\n<div class=\"dv-clear\"><\/div>","protected":false},"excerpt":{"rendered":"<p>Apr\u00e8s leur confirmation, chaque jeune peut continuer \u00e0 trouver dans l&rsquo;\u00e9glise un lieu de formation et d&rsquo;engagement pour accompagner les groupes de plus jeunes vers leur propre confirmation lors des camps, des weekends et autres activit\u00e9s. Pour cela les jeunes peuvent se former aupr\u00e8s de l&rsquo;\u00e9glise cantonale.<\/p>\n","protected":false},"author":9,"featured_media":0,"parent":6630,"menu_order":0,"comment_status":"closed","ping_status":"closed","template":"","meta":{"footnotes":""},"class_list":["post-200","page","type-page","status-publish","hentry"],"_links":{"self":[{"href":"https:\/\/ref-cordast.ch\/fr\/wp-json\/wp\/v2\/pages\/200","targetHints":{"allow":["GET"]}}],"collection":[{"href":"https:\/\/ref-cordast.ch\/fr\/wp-json\/wp\/v2\/pages"}],"about":[{"href":"https:\/\/ref-cordast.ch\/fr\/wp-json\/wp\/v2\/types\/page"}],"author":[{"embeddable":true,"href":"https:\/\/ref-cordast.ch\/fr\/wp-json\/wp\/v2\/users\/9"}],"replies":[{"embeddable":true,"href":"https:\/\/ref-cordast.ch\/fr\/wp-json\/wp\/v2\/comments?post=200"}],"version-history":[{"count":78,"href":"https:\/\/ref-cordast.ch\/fr\/wp-json\/wp\/v2\/pages\/200\/revisions"}],"predecessor-version":[{"id":7403,"href":"https:\/\/ref-cordast.ch\/fr\/wp-json\/wp\/v2\/pages\/200\/revisions\/7403"}],"up":[{"embeddable":true,"href":"https:\/\/ref-cordast.ch\/fr\/wp-json\/wp\/v2\/pages\/6630"}],"wp:attachment":[{"href":"https:\/\/ref-cordast.ch\/fr\/wp-json\/wp\/v2\/media?parent=200"}],"curies":[{"name":"wp","href":"https:\/\/api.w.org\/{rel}","templated":true}]}}