{"id":196,"date":"2018-03-10T17:40:39","date_gmt":"2018-03-10T17:40:39","guid":{"rendered":"https:\/\/www.ref-cordast.ch\/?page_id=196"},"modified":"2024-04-29T13:02:57","modified_gmt":"2024-04-29T13:02:57","slug":"programm-60","status":"publish","type":"page","link":"https:\/\/ref-cordast.ch\/fr\/aktivitaeten\/erwachsene\/programm-60\/","title":{"rendered":"Programme 60+"},"content":{"rendered":"<p><\/p>\n<ul>\n<li><a href=\"http:\/\/www.ref-cordast.ch\/aktivitaeten\/erwachsene\/programm-60\/wandergruppe\/\">Groupe de marche 60+<\/a><\/li>\n<li><a href=\"http:\/\/www.ref-cordast.ch\/aktivitaeten\/erwachsene\/programm-60\/seniorenreise-fahrt-ins-blaue\/\">Excursion<\/a><\/li>\n<li><a href=\"http:\/\/www.ref-cordast.ch\/aktivitaeten\/erwachsene\/programm-60\/seniorennachmittage\/\">Apr\u00e8s-midi senior<\/a><\/li>\n<li><a href=\"http:\/\/www.ref-cordast.ch\/aktivitaeten\/erwachsene\/programm-60\/jass-und-spielnachmittage\/\">Apr\u00e8s-midi de jeux<\/a><\/li>\n<li><a href=\"http:\/\/www.ref-cordast.ch\/aktivitaeten\/erwachsene\/programm-60\/seniorenferien\/\">Vacances des seniors<\/a><\/li>\n<\/ul>\n<p>Les b\u00e9n\u00e9voles du \u00ab\u00a0<a href=\"http:\/\/www.ref-cordast.ch\/aktivitaeten\/kirchentaxi\/\">Taxi de l&rsquo;Eglise<\/a>\u00a0\u00bb se feront un plaisir de vous conduire \u00e0 nos manifestations. Veuillez annoncer votre trajet le plus t\u00f4t possible, au plus tard deux jours avant l&rsquo;\u00e9v\u00e9nement, au num\u00e9ro 026 684 25 66.[ :]<\/p>\n<p><\/p>","protected":false},"excerpt":{"rendered":"<p>Groupe de marche 60+ Excursion Apr\u00e8s-midi senior Apr\u00e8s-midi de jeux Vacances des seniors Les b\u00e9n\u00e9voles du \u00ab\u00a0Taxi de l&rsquo;Eglise\u00a0\u00bb se feront un plaisir de vous conduire \u00e0 nos manifestations. Veuillez annoncer votre trajet le plus t\u00f4t possible, au plus tard deux jours avant l&rsquo;\u00e9v\u00e9nement, au num\u00e9ro 026 684 25 66.[ :]<\/p>\n","protected":false},"author":6,"featured_media":0,"parent":151,"menu_order":0,"comment_status":"closed","ping_status":"closed","template":"","meta":{"footnotes":""},"class_list":["post-196","page","type-page","status-publish","hentry"],"_links":{"self":[{"href":"https:\/\/ref-cordast.ch\/fr\/wp-json\/wp\/v2\/pages\/196","targetHints":{"allow":["GET"]}}],"collection":[{"href":"https:\/\/ref-cordast.ch\/fr\/wp-json\/wp\/v2\/pages"}],"about":[{"href":"https:\/\/ref-cordast.ch\/fr\/wp-json\/wp\/v2\/types\/page"}],"author":[{"embeddable":true,"href":"https:\/\/ref-cordast.ch\/fr\/wp-json\/wp\/v2\/users\/6"}],"replies":[{"embeddable":true,"href":"https:\/\/ref-cordast.ch\/fr\/wp-json\/wp\/v2\/comments?post=196"}],"version-history":[{"count":7,"href":"https:\/\/ref-cordast.ch\/fr\/wp-json\/wp\/v2\/pages\/196\/revisions"}],"predecessor-version":[{"id":6289,"href":"https:\/\/ref-cordast.ch\/fr\/wp-json\/wp\/v2\/pages\/196\/revisions\/6289"}],"up":[{"embeddable":true,"href":"https:\/\/ref-cordast.ch\/fr\/wp-json\/wp\/v2\/pages\/151"}],"wp:attachment":[{"href":"https:\/\/ref-cordast.ch\/fr\/wp-json\/wp\/v2\/media?parent=196"}],"curies":[{"name":"wp","href":"https:\/\/api.w.org\/{rel}","templated":true}]}}