{"id":19,"date":"2022-12-30T14:39:24","date_gmt":"2022-12-30T14:39:24","guid":{"rendered":"https:\/\/www.ref-cordast.ch\/de\/?page_id=19"},"modified":"2026-04-28T09:18:15","modified_gmt":"2026-04-28T09:18:15","slug":"unsere-kirchgemeinde-lebt-und-bewegt","status":"publish","type":"page","link":"https:\/\/ref-cordast.ch\/fr\/","title":{"rendered":"Une paroisse vivante et engag\u00e9e"},"content":{"rendered":"<p>\u00c9glise r\u00e9form\u00e9e Cordast<\/i><\/p><\/div><div class=\"eventschatten\"><a href=\"https:\/\/ref-cordast.ch\/fr\/events\/konfirmationsgottesdienst-7\/\"><img loading=\"lazy\" decoding=\"async\" width=\"200\" height=\"120\" src=\"https:\/\/ref-cordast.ch\/wp-content\/uploads\/2020\/02\/Gottesdienst_Cordast.jpg\" class=\"attachment-200x120 size-200x120 wp-post-image\" alt=\"Konfirmationsgottesdienst\" \/><\/a><\/div>\r\n<div style=\"margin-left: 220px; height: 150px\"><span style=\"color: white; background-color: #08324d; padding: 2px 10px;\">31.05.2026 \u2022 09.30<\/span>\r\n<h3 style=\"padding-top: 20px;\"><a href=\"https:\/\/ref-cordast.ch\/fr\/events\/konfirmationsgottesdienst-7\/\">Konfirmationsgottesdienst<\/a><\/h3>\r\n                <p><i>\u00c9glise r\u00e9form\u00e9e Cordast<\/i><\/p><\/div>\t<\/div>\r\n<\/div>\n\n\n\n<p><a href=\"http:\/\/www.ref-cordast.ch\/gottesdienste\/\">\u00bb weitere Gottesdienste<\/a><\/p>\n\n\n\n<p><\/p>\n\n\n\n<div class=\"wp-block-columns is-layout-flex wp-container-core-columns-is-layout-9d6595d7 wp-block-columns-is-layout-flex\">\n<div class=\"wp-block-column is-layout-flow wp-block-column-is-layout-flow\">\n<p><a href=\"http:\/\/www.ref-cordast.ch\/archiv-der-wochenbriefe\/\">\u00bb Archiv der Wochenbriefe der Kirchgemeinde Cordast<\/a><\/p>\n<\/div>\n<\/div>\n\n\n\n<p>&nbsp;<\/p>\n\n\n\n<p><\/p>\n\n\n\n<h3 class=\"wp-block-heading has-text-align-center\" id=\"jesus-christ-dit-celui-qui-vient-a-moi-je-ne-le-rejetterai-pas\"><strong>Dieu dit: Voici: je renouvelle toutes choses!<br><\/strong><\/h3>\n\n\n\n<p class=\"has-text-align-center\"><em>Apocalypse 21,5 (verse de l&rsquo;ann\u00e9e 2026)<\/em><\/p>\n\n\n\n<p>La paroisse r\u00e9form\u00e9e de Cordast s&rsquo;\u00e9tend aux villages de Courtepin, Cressier FR, Gurmels (sans Wallenbuch), Kleinb\u00f6singen et Misery-Courtion. L&rsquo;\u00e9glise et le centre paroissial se trouvent \u00e0 Cordast.<\/p>\n\n\n\n<p><\/p>\n\n\n\n<p><\/p>\n\n\n\n<p><\/p>\n\n\n\n<h3 class=\"wp-block-heading\" id=\"prochain-culte\"><strong>Prochain Culte<\/strong><\/h3>\n\n\n<div class=\"em-view-container\" id=\"em-view-546483545\" data-view=\"list\">\r\n\t<div class=\"em-list em-events-list\" id=\"em-events-list-546483545\" data-view-id=\"546483545\">\r\n\t<div class=\"eventschatten\"><a href=\"https:\/\/ref-cordast.ch\/fr\/events\/culte-79\/\"><img loading=\"lazy\" decoding=\"async\" width=\"200\" height=\"120\" src=\"https:\/\/ref-cordast.ch\/wp-content\/uploads\/2020\/02\/Gottesdienst_Cordast.jpg\" class=\"attachment-200x120 size-200x120 wp-post-image\" alt=\"Culte\" \/><\/a><\/div>\r\n<div style=\"margin-left: 220px; height: 150px\"><span style=\"color: white; background-color: #08324d; padding: 2px 10px;\">17.05.2026 \u2022 10.00<\/span>\r\n<h3 style=\"padding-top: 20px;\"><a href=\"https:\/\/ref-cordast.ch\/fr\/events\/culte-79\/\">Culte<\/a><\/h3>\r\n                <p><i>\u00c9glise r\u00e9form\u00e9e Cordast<\/i><\/p><\/div><div class=\"eventschatten\"><a href=\"https:\/\/ref-cordast.ch\/fr\/events\/priere-oecumenique-2026-05-24\/\"><img loading=\"lazy\" decoding=\"async\" width=\"200\" height=\"120\" src=\"https:\/\/ref-cordast.ch\/wp-content\/uploads\/2018\/04\/oikoumene_logo_colour-300x180.png\" class=\"attachment-200x120 size-200x120 wp-post-image\" alt=\"Pri\u00e8re oecum\u00e9nique\" srcset=\"https:\/\/ref-cordast.ch\/wp-content\/uploads\/2018\/04\/oikoumene_logo_colour-300x180.png 300w, https:\/\/ref-cordast.ch\/wp-content\/uploads\/2018\/04\/oikoumene_logo_colour.png 488w\" sizes=\"auto, (max-width: 200px) 100vw, 200px\" \/><\/a><\/div>\r\n<div style=\"margin-left: 220px; height: 150px\"><span style=\"color: white; background-color: #08324d; padding: 2px 10px;\">31.05.2026 \u2022 19.00<\/span>\r\n<h3 style=\"padding-top: 20px;\"><a href=\"https:\/\/ref-cordast.ch\/fr\/events\/priere-oecumenique-2026-05-24\/\">Pri\u00e8re oecum\u00e9nique<\/a><\/h3>\r\n                <p><i>\u00c9glise catholique Courtepin<\/i><\/p><\/div>\t<\/div>\r\n<\/div>\n\n\n\n<p><a href=\"http:\/\/www.ref-cordast.ch\/gottesdienste\/\">\u00bb les prochains cultes<\/a><\/p>\n\n\n\n<p>&nbsp;<strong>Accompagnement pastoral et aide dans le quotidien<\/strong><\/p>\n\n\n\n<figure class=\"wp-block-image alignright size-large is-resized\"><img loading=\"lazy\" decoding=\"async\" width=\"1024\" height=\"1024\" src=\"http:\/\/www.ref-cordast.ch\/wp-content\/uploads\/2020\/03\/telephone-304080_1280-1024x1024.png\" alt=\"\" class=\"wp-image-2802\" style=\"width:82px;height:82px\" srcset=\"https:\/\/ref-cordast.ch\/wp-content\/uploads\/2020\/03\/telephone-304080_1280-1024x1024.png 1024w, https:\/\/ref-cordast.ch\/wp-content\/uploads\/2020\/03\/telephone-304080_1280-300x300.png 300w, https:\/\/ref-cordast.ch\/wp-content\/uploads\/2020\/03\/telephone-304080_1280-150x150.png 150w, https:\/\/ref-cordast.ch\/wp-content\/uploads\/2020\/03\/telephone-304080_1280-768x768.png 768w, https:\/\/ref-cordast.ch\/wp-content\/uploads\/2020\/03\/telephone-304080_1280-600x600.png 600w, https:\/\/ref-cordast.ch\/wp-content\/uploads\/2020\/03\/telephone-304080_1280.png 1280w\" sizes=\"auto, (max-width: 1024px) 100vw, 1024px\" \/><\/figure>\n\n\n\n<p>L\u2019\u00e9quipe pastorale est atteignable au num\u00e9ro 026 684 28 74.<br>Nous nous tenons volontiers \u00e0 disposition pour un accompagnement pastoral ou pour vous aider en cas d\u2019urgence \u00e0 faire face aux d\u00e9 s particuliers qui se pr\u00e9sentent \u00e0 nous.&nbsp;<\/p>\n\n\n\n<p><\/p>\n\n\n\n<p><a href=\"http:\/\/www.ref-cordast.ch\/archiv-der-wochenbriefe\/\">\u00bb Anciennes lettres hebdomadaires<\/a><\/p>\n\n\n\n<p><\/p>\n\n\n\n<p><\/p>","protected":false},"excerpt":{"rendered":"<p>Dieu dit: Voici: je renouvelle toutes choses! Apocalypse 21,5 (verse de l&rsquo;ann\u00e9e 2026) La paroisse r\u00e9form\u00e9e de Cordast s&rsquo;\u00e9tend aux villages de Courtepin, Cressier FR, Gurmels (sans Wallenbuch), Kleinb\u00f6singen et Misery-Courtion. L&rsquo;\u00e9glise et le centre paroissial se trouvent \u00e0 Cordast. Prochain Culte \u00bb les prochains cultes &nbsp;Accompagnement pastoral et aide dans le quotidien L\u2019\u00e9quipe pastorale [&hellip;]<\/p>\n","protected":false},"author":9,"featured_media":0,"parent":0,"menu_order":0,"comment_status":"closed","ping_status":"closed","template":"","meta":{"footnotes":""},"class_list":["post-19","page","type-page","status-publish","hentry"],"_links":{"self":[{"href":"https:\/\/ref-cordast.ch\/fr\/wp-json\/wp\/v2\/pages\/19","targetHints":{"allow":["GET"]}}],"collection":[{"href":"https:\/\/ref-cordast.ch\/fr\/wp-json\/wp\/v2\/pages"}],"about":[{"href":"https:\/\/ref-cordast.ch\/fr\/wp-json\/wp\/v2\/types\/page"}],"author":[{"embeddable":true,"href":"https:\/\/ref-cordast.ch\/fr\/wp-json\/wp\/v2\/users\/9"}],"replies":[{"embeddable":true,"href":"https:\/\/ref-cordast.ch\/fr\/wp-json\/wp\/v2\/comments?post=19"}],"version-history":[{"count":401,"href":"https:\/\/ref-cordast.ch\/fr\/wp-json\/wp\/v2\/pages\/19\/revisions"}],"predecessor-version":[{"id":8011,"href":"https:\/\/ref-cordast.ch\/fr\/wp-json\/wp\/v2\/pages\/19\/revisions\/8011"}],"wp:attachment":[{"href":"https:\/\/ref-cordast.ch\/fr\/wp-json\/wp\/v2\/media?parent=19"}],"curies":[{"name":"wp","href":"https:\/\/api.w.org\/{rel}","templated":true}]}}