{"id":169,"date":"2018-03-10T17:10:56","date_gmt":"2018-03-10T17:10:56","guid":{"rendered":"https:\/\/www.ref-cordast.ch\/?page_id=169"},"modified":"2022-08-03T11:26:41","modified_gmt":"2022-08-03T11:26:41","slug":"treffpunkt-piccoli","status":"publish","type":"page","link":"https:\/\/ref-cordast.ch\/fr\/aktivitaeten\/kinder-und-familien\/treffpunkt-piccoli\/","title":{"rendered":"Rencontres \u00abPiccoli\u00bb"},"content":{"rendered":"<p><\/p>\n\n\n\n<div class=\"wp-block-image\"><figure class=\"alignright\"><a href=\"http:\/\/www.ref-cordast.ch\/locations\/gemeinschaftszentrum-cordast\/\"><img loading=\"lazy\" decoding=\"async\" width=\"208\" height=\"300\" src=\"http:\/\/www.ref-cordast.ch\/wp-content\/uploads\/2018\/04\/Piccoli-Maus-208x300.png\" alt=\"\" class=\"wp-image-696\" srcset=\"https:\/\/ref-cordast.ch\/wp-content\/uploads\/2018\/04\/Piccoli-Maus-208x300.png 208w, https:\/\/ref-cordast.ch\/wp-content\/uploads\/2018\/04\/Piccoli-Maus.png 555w\" sizes=\"auto, (max-width: 208px) 100vw, 208px\" \/><\/a><\/figure><\/div>\n\n\n\n<p><strong>Lieu:\u00a0<\/strong><a href=\"http:\/\/www.ref-cordast.ch\/locations\/gemeinschaftszentrum-cordast\/\">Centre paroissial<\/a><\/p>\n\n\n\n<p>Un rendez-vous bilingue pour parents et enfants d&rsquo;\u00e2ge pr\u00e9-scolaire \u00e0 ne pas manquer. Autour d&rsquo;un th\u00e8me les enfants et leurs parents se retrouvent, alliant bricolage, partage, jeux, go\u00fbter, cafe et discussion th\u00e9matique pour petis et grands.<\/p>\n\n\n\n<p>Nous nous rencontrons tous les 15 jours, toujours le jeudi matin, de 9h \u00e0 10.30h \u00e0 Cordast dans le centre paroissial. Tous les parrent de la r\u00e9gion sont les bienvenus.<\/p>\n\n\n\n<p>Plus d&rsquo;informations?<\/p>\n\n\n\n<h4 class=\"wp-block-heading\">Contactez la responsable:<\/h4>\n\n\n<ul id=\"dvteamgrid239529656\" class=\"dvwookmark dvteamgrid \" data-dvalign=\"left\" data-dvoffset=\"20\" data-dvwidth=\"180\">\n    <li>\n        <figure>\n            <a id=\"dvgridboxlink239529656458\" href=\"#dvteambox239529656458\" >\n                <img decoding=\"async\" src=\"https:\/\/ref-cordast.ch\/wp-content\/uploads\/2018\/05\/Monika-Zurkinden-e1526406842861.jpg\" alt=\"Monika Zurkinden\" \/>\n                                <div class=\"dv-member-zoom\"><i class=\"dvteamicon-info\"><\/i><\/div>\n                            <\/a>\n                <figcaption>\n                    <div class=\"dv-member-desc\">\n                        <div><span class=\"dv-member-name\">Monika Zurkinden<\/span><\/div>\n                                                <div><span class=\"dv-member-info\">Cat\u00e9ch\u00e8te et charg\u00e9e de projet enfants\/adults<\/span><\/div>\n                                            <\/div>\n                <\/figcaption>\n        <\/figure>\n    <\/li>\n        <\/ul>\n<div class=\"dv-clear\"><\/div>","protected":false},"excerpt":{"rendered":"<p>Lieu:\u00a0Centre paroissial Un rendez-vous bilingue pour parents et enfants d&rsquo;\u00e2ge pr\u00e9-scolaire \u00e0 ne pas manquer. Autour d&rsquo;un th\u00e8me les enfants et leurs parents se retrouvent, alliant bricolage, partage, jeux, go\u00fbter, cafe et discussion th\u00e9matique pour petis et grands. Nous nous rencontrons tous les 15 jours, toujours le jeudi matin, de 9h \u00e0 10.30h \u00e0 Cordast [&hellip;]<\/p>\n","protected":false},"author":1,"featured_media":0,"parent":153,"menu_order":0,"comment_status":"closed","ping_status":"closed","template":"","meta":{"footnotes":""},"class_list":["post-169","page","type-page","status-publish","hentry"],"_links":{"self":[{"href":"https:\/\/ref-cordast.ch\/fr\/wp-json\/wp\/v2\/pages\/169","targetHints":{"allow":["GET"]}}],"collection":[{"href":"https:\/\/ref-cordast.ch\/fr\/wp-json\/wp\/v2\/pages"}],"about":[{"href":"https:\/\/ref-cordast.ch\/fr\/wp-json\/wp\/v2\/types\/page"}],"author":[{"embeddable":true,"href":"https:\/\/ref-cordast.ch\/fr\/wp-json\/wp\/v2\/users\/1"}],"replies":[{"embeddable":true,"href":"https:\/\/ref-cordast.ch\/fr\/wp-json\/wp\/v2\/comments?post=169"}],"version-history":[{"count":22,"href":"https:\/\/ref-cordast.ch\/fr\/wp-json\/wp\/v2\/pages\/169\/revisions"}],"predecessor-version":[{"id":4768,"href":"https:\/\/ref-cordast.ch\/fr\/wp-json\/wp\/v2\/pages\/169\/revisions\/4768"}],"up":[{"embeddable":true,"href":"https:\/\/ref-cordast.ch\/fr\/wp-json\/wp\/v2\/pages\/153"}],"wp:attachment":[{"href":"https:\/\/ref-cordast.ch\/fr\/wp-json\/wp\/v2\/media?parent=169"}],"curies":[{"name":"wp","href":"https:\/\/api.w.org\/{rel}","templated":true}]}}