{"id":153,"date":"2018-03-10T16:58:43","date_gmt":"2018-03-10T16:58:43","guid":{"rendered":"https:\/\/www.ref-cordast.ch\/?page_id=153"},"modified":"2022-01-11T11:20:55","modified_gmt":"2022-01-11T11:20:55","slug":"kinder-und-familien","status":"publish","type":"page","link":"https:\/\/ref-cordast.ch\/fr\/aktivitaeten\/kinder-und-familien\/","title":{"rendered":"Enfants et Familles"},"content":{"rendered":"<p>Centre paroissial Cordast<\/i><\/p><\/div><div class=\"eventschatten\"><a href=\"https:\/\/ref-cordast.ch\/fr\/events\/piccoli-144\/\"><img loading=\"lazy\" decoding=\"async\" width=\"200\" height=\"120\" src=\"https:\/\/ref-cordast.ch\/wp-content\/uploads\/2018\/04\/Piccoli_Fr\u00fchlingsPicknick-300x179.jpg\" class=\"attachment-200x120 size-200x120 wp-post-image\" alt=\"Piccoli\" \/><\/a><\/div>\r\n<div style=\"margin-left: 220px; height: 150px\"><span style=\"color: white; background-color: #08324d; padding: 2px 10px;\">07.05.2026 \u2022 09.00<\/span>\r\n<h3 style=\"padding-top: 20px;\"><a href=\"https:\/\/ref-cordast.ch\/fr\/events\/piccoli-144\/\">Piccoli<\/a><\/h3>\r\n                <p><i>Centre paroissial Cordast<\/i><\/p><\/div><div class=\"eventschatten\"><a href=\"https:\/\/ref-cordast.ch\/fr\/events\/fiire-mit-dr-muesebandi\/\"><img loading=\"lazy\" decoding=\"async\" width=\"151\" height=\"120\" src=\"https:\/\/ref-cordast.ch\/wp-content\/uploads\/2026\/03\/Download.jpg\" class=\"attachment-200x120 size-200x120 wp-post-image\" alt=\"Fiire mit dr M\u00fcsebandi\" \/><\/a><\/div>\r\n<div style=\"margin-left: 220px; height: 150px\"><span style=\"color: white; background-color: #08324d; padding: 2px 10px;\">13.05.2026 \u2022 14.30<\/span>\r\n<h3 style=\"padding-top: 20px;\"><a href=\"https:\/\/ref-cordast.ch\/fr\/events\/fiire-mit-dr-muesebandi\/\">Fiire mit dr M\u00fcsebandi<\/a><\/h3>\r\n                <p><i>Centre paroissial Cordast<\/i><\/p><\/div><div class=\"eventschatten\"><a href=\"https:\/\/ref-cordast.ch\/fr\/events\/piccoli-145\/\"><img loading=\"lazy\" decoding=\"async\" width=\"200\" height=\"120\" src=\"https:\/\/ref-cordast.ch\/wp-content\/uploads\/2018\/04\/Piccoli_Fr\u00fchlingsPicknick-300x179.jpg\" class=\"attachment-200x120 size-200x120 wp-post-image\" alt=\"Piccoli\" \/><\/a><\/div>\r\n<div style=\"margin-left: 220px; height: 150px\"><span style=\"color: white; background-color: #08324d; padding: 2px 10px;\">21.05.2026 \u2022 09.00<\/span>\r\n<h3 style=\"padding-top: 20px;\"><a href=\"https:\/\/ref-cordast.ch\/fr\/events\/piccoli-145\/\">Piccoli<\/a><\/h3>\r\n                <p><i>Centre paroissial Cordast<\/i><\/p><\/div><div class=\"eventschatten\"><a href=\"https:\/\/ref-cordast.ch\/fr\/events\/kids-night-10\/\"><img loading=\"lazy\" decoding=\"async\" width=\"200\" height=\"120\" src=\"https:\/\/ref-cordast.ch\/wp-content\/uploads\/2018\/03\/Kids-night-300x180.png\" class=\"attachment-200x120 size-200x120 wp-post-image\" alt=\"Kids Night\" srcset=\"https:\/\/ref-cordast.ch\/wp-content\/uploads\/2018\/03\/Kids-night-300x180.png 300w, https:\/\/ref-cordast.ch\/wp-content\/uploads\/2018\/03\/Kids-night.png 392w\" sizes=\"auto, (max-width: 200px) 100vw, 200px\" \/><\/a><\/div>\r\n<div style=\"margin-left: 220px; height: 150px\"><span style=\"color: white; background-color: #08324d; padding: 2px 10px;\">29.05.2026 \u2022 17.30<\/span>\r\n<h3 style=\"padding-top: 20px;\"><a href=\"https:\/\/ref-cordast.ch\/fr\/events\/kids-night-10\/\">Kids Night<\/a><\/h3>\r\n                <\/div>\t<\/div>\r\n<\/div>\n\n\n\n<p><a href=\"http:\/\/www.ref-cordast.ch\/aktivitaeten\/\">\u00bb weitere Anl\u00e4sse f\u00fcr alle Generationen<\/a><\/p>\n\n\n\n<p><\/p>\n\n\n\n<h3 class=\"wp-block-heading\"><strong>Ev\u00e9nements actuels pour les enfants et les familles<\/strong><\/h3>\n\n\n\n<p>Les familles et les enfants sont le coeur de notre paroisse, c&rsquo;est pourquoi vous trouverez de nombreuses activit\u00e9s toute l&rsquo;ann\u00e9e durant. Il y en a pour tous les \u00e2ges!<\/p>\n\n\n\n<p>Soyez les bienvenu-e-s!<\/p>\n\n\n<div class=\"em-view-container\" id=\"em-view-1816085213\" data-view=\"list\">\r\n\t<div class=\"em-list em-events-list\" id=\"em-events-list-1816085213\" data-view-id=\"1816085213\">\r\n\t<div class=\"eventschatten\"><a href=\"https:\/\/ref-cordast.ch\/fr\/events\/piccoli-144\/\"><img loading=\"lazy\" decoding=\"async\" width=\"200\" height=\"120\" src=\"https:\/\/ref-cordast.ch\/wp-content\/uploads\/2018\/04\/Piccoli_Fr\u00fchlingsPicknick-300x179.jpg\" class=\"attachment-200x120 size-200x120 wp-post-image\" alt=\"Piccoli\" \/><\/a><\/div>\r\n<div style=\"margin-left: 220px; height: 150px\"><span style=\"color: white; background-color: #08324d; padding: 2px 10px;\">07.05.2026 \u2022 09.00<\/span>\r\n<h3 style=\"padding-top: 20px;\"><a href=\"https:\/\/ref-cordast.ch\/fr\/events\/piccoli-144\/\">Piccoli<\/a><\/h3>\r\n                <p><i>Centre paroissial Cordast<\/i><\/p><\/div><div class=\"eventschatten\"><a href=\"https:\/\/ref-cordast.ch\/fr\/events\/piccoli-145\/\"><img loading=\"lazy\" decoding=\"async\" width=\"200\" height=\"120\" src=\"https:\/\/ref-cordast.ch\/wp-content\/uploads\/2018\/04\/Piccoli_Fr\u00fchlingsPicknick-300x179.jpg\" class=\"attachment-200x120 size-200x120 wp-post-image\" alt=\"Piccoli\" \/><\/a><\/div>\r\n<div style=\"margin-left: 220px; height: 150px\"><span style=\"color: white; background-color: #08324d; padding: 2px 10px;\">21.05.2026 \u2022 09.00<\/span>\r\n<h3 style=\"padding-top: 20px;\"><a href=\"https:\/\/ref-cordast.ch\/fr\/events\/piccoli-145\/\">Piccoli<\/a><\/h3>\r\n                <p><i>Centre paroissial Cordast<\/i><\/p><\/div><div class=\"eventschatten\"><a href=\"https:\/\/ref-cordast.ch\/fr\/events\/culte-73\/\"><img loading=\"lazy\" decoding=\"async\" width=\"200\" height=\"120\" src=\"https:\/\/ref-cordast.ch\/wp-content\/uploads\/2020\/02\/Gottesdienst_Cordast.jpg\" class=\"attachment-200x120 size-200x120 wp-post-image\" alt=\"Culte de confirmation bilingue\" \/><\/a><\/div>\r\n<div style=\"margin-left: 220px; height: 150px\"><span style=\"color: white; background-color: #08324d; padding: 2px 10px;\">07.06.2026 \u2022 10.00<\/span>\r\n<h3 style=\"padding-top: 20px;\"><a href=\"https:\/\/ref-cordast.ch\/fr\/events\/culte-73\/\">Culte de confirmation bilingue<\/a><\/h3>\r\n                <p><i>\u00c9glise r\u00e9form\u00e9e Cordast<\/i><\/p><\/div><div class=\"eventschatten\"><a href=\"https:\/\/ref-cordast.ch\/fr\/events\/francais-ateliers-de-noel\/\"><img loading=\"lazy\" decoding=\"async\" width=\"160\" height=\"120\" src=\"https:\/\/ref-cordast.ch\/wp-content\/uploads\/2025\/10\/Noel.jpg\" class=\"attachment-200x120 size-200x120 wp-post-image\" alt=\"Ateliers de No\u00ebl\" srcset=\"https:\/\/ref-cordast.ch\/wp-content\/uploads\/2025\/10\/Noel.jpg 1600w, https:\/\/ref-cordast.ch\/wp-content\/uploads\/2025\/10\/Noel-300x225.jpg 300w, https:\/\/ref-cordast.ch\/wp-content\/uploads\/2025\/10\/Noel-1024x768.jpg 1024w, https:\/\/ref-cordast.ch\/wp-content\/uploads\/2025\/10\/Noel-768x576.jpg 768w, https:\/\/ref-cordast.ch\/wp-content\/uploads\/2025\/10\/Noel-1536x1152.jpg 1536w\" sizes=\"auto, (max-width: 160px) 100vw, 160px\" \/><\/a><\/div>\r\n<div style=\"margin-left: 220px; height: 150px\"><span style=\"color: white; background-color: #08324d; padding: 2px 10px;\">12.12.2026 \u2022 09.00<\/span>\r\n<h3 style=\"padding-top: 20px;\"><a href=\"https:\/\/ref-cordast.ch\/fr\/events\/francais-ateliers-de-noel\/\">Ateliers de No\u00ebl<\/a><\/h3>\r\n                <p><i>\u00c9glise r\u00e9form\u00e9e Cordast<\/i><\/p><\/div><div class=\"eventschatten\"><a href=\"https:\/\/ref-cordast.ch\/fr\/events\/francais-fete-de-noel-a-la-foret\/\"><img loading=\"lazy\" decoding=\"async\" width=\"120\" height=\"120\" src=\"https:\/\/ref-cordast.ch\/wp-content\/uploads\/2024\/11\/s000307.001_s000574.001_Christbaumkerzen.jpg\" class=\"attachment-200x120 size-200x120 wp-post-image\" alt=\"F\u00eate de No\u00ebl \u00e0 la for\u00eat\" srcset=\"https:\/\/ref-cordast.ch\/wp-content\/uploads\/2024\/11\/s000307.001_s000574.001_Christbaumkerzen.jpg 1080w, https:\/\/ref-cordast.ch\/wp-content\/uploads\/2024\/11\/s000307.001_s000574.001_Christbaumkerzen-300x300.jpg 300w, https:\/\/ref-cordast.ch\/wp-content\/uploads\/2024\/11\/s000307.001_s000574.001_Christbaumkerzen-1024x1024.jpg 1024w, https:\/\/ref-cordast.ch\/wp-content\/uploads\/2024\/11\/s000307.001_s000574.001_Christbaumkerzen-150x150.jpg 150w, https:\/\/ref-cordast.ch\/wp-content\/uploads\/2024\/11\/s000307.001_s000574.001_Christbaumkerzen-768x768.jpg 768w, https:\/\/ref-cordast.ch\/wp-content\/uploads\/2024\/11\/s000307.001_s000574.001_Christbaumkerzen-600x600.jpg 600w\" sizes=\"auto, (max-width: 120px) 100vw, 120px\" \/><\/a><\/div>\r\n<div style=\"margin-left: 220px; height: 150px\"><span style=\"color: white; background-color: #08324d; padding: 2px 10px;\">12.12.2026 \u2022 17.00<\/span>\r\n<h3 style=\"padding-top: 20px;\"><a href=\"https:\/\/ref-cordast.ch\/fr\/events\/francais-fete-de-noel-a-la-foret\/\">F\u00eate de No\u00ebl \u00e0 la for\u00eat<\/a><\/h3>\r\n                <\/div>\t<\/div>\r\n<\/div>\n\n\n\n<p><a href=\"http:\/\/www.ref-cordast.ch\/aktivitaeten\/\">\u00bb Autres \u00e9v\u00e9nements dans notre paroisse<\/a><\/p>\n\n\n\n<p><strong><br><\/strong><\/p>","protected":false},"excerpt":{"rendered":"<p>Ev\u00e9nements actuels pour les enfants et les familles Les familles et les enfants sont le coeur de notre paroisse, c&rsquo;est pourquoi vous trouverez de nombreuses activit\u00e9s toute l&rsquo;ann\u00e9e durant. Il y en a pour tous les \u00e2ges! Soyez les bienvenu-e-s! \u00bb Autres \u00e9v\u00e9nements dans notre paroisse<\/p>\n","protected":false},"author":9,"featured_media":0,"parent":158,"menu_order":0,"comment_status":"closed","ping_status":"closed","template":"","meta":{"footnotes":""},"class_list":["post-153","page","type-page","status-publish","hentry"],"_links":{"self":[{"href":"https:\/\/ref-cordast.ch\/fr\/wp-json\/wp\/v2\/pages\/153","targetHints":{"allow":["GET"]}}],"collection":[{"href":"https:\/\/ref-cordast.ch\/fr\/wp-json\/wp\/v2\/pages"}],"about":[{"href":"https:\/\/ref-cordast.ch\/fr\/wp-json\/wp\/v2\/types\/page"}],"author":[{"embeddable":true,"href":"https:\/\/ref-cordast.ch\/fr\/wp-json\/wp\/v2\/users\/9"}],"replies":[{"embeddable":true,"href":"https:\/\/ref-cordast.ch\/fr\/wp-json\/wp\/v2\/comments?post=153"}],"version-history":[{"count":14,"href":"https:\/\/ref-cordast.ch\/fr\/wp-json\/wp\/v2\/pages\/153\/revisions"}],"predecessor-version":[{"id":4444,"href":"https:\/\/ref-cordast.ch\/fr\/wp-json\/wp\/v2\/pages\/153\/revisions\/4444"}],"up":[{"embeddable":true,"href":"https:\/\/ref-cordast.ch\/fr\/wp-json\/wp\/v2\/pages\/158"}],"wp:attachment":[{"href":"https:\/\/ref-cordast.ch\/fr\/wp-json\/wp\/v2\/media?parent=153"}],"curies":[{"name":"wp","href":"https:\/\/api.w.org\/{rel}","templated":true}]}}