{"id":1147,"date":"2018-06-26T11:56:49","date_gmt":"2018-06-26T11:56:49","guid":{"rendered":"https:\/\/www.ref-cordast.ch\/?page_id=1147"},"modified":"2025-05-15T15:20:20","modified_gmt":"2025-05-15T15:20:20","slug":"seniorenreise-fahrt-ins-blaue","status":"publish","type":"page","link":"https:\/\/ref-cordast.ch\/fr\/aktivitaeten\/erwachsene\/programm-60\/seniorenreise-fahrt-ins-blaue\/","title":{"rendered":"Excursion"},"content":{"rendered":"<div class=\"wp-block-group\"><div class=\"wp-block-group__inner-container is-layout-flow wp-block-group-is-layout-flow\"><div class=\"wp-block-image\">\n<figure class=\"alignright\"><img loading=\"lazy\" decoding=\"async\" width=\"300\" height=\"180\" src=\"http:\/\/www.ref-cordast.ch\/wp-content\/uploads\/2018\/04\/Leicht_bew\u00f6lkter_Himmel-e1525163815496-300x180.jpg\" alt=\"\" class=\"wp-image-838\"\/><\/figure>\n<\/div>\n\n\n<p>Chaque ann\u00e9e, au mois de mai, nous partons pour une journ\u00e9e au grand air. Une journ\u00e9e qui, jusqu&rsquo;\u00e0 pr\u00e9sent, nous a toujours apport\u00e9 beaucoup de soleil !<\/p>\n\n\n\n<p><strong>Contact<\/strong><\/p>\n\n\n<ul id=\"dvteamgrid682609892\" class=\"dvwookmark dvteamgrid \" data-dvalign=\"left\" data-dvoffset=\"20\" data-dvwidth=\"180\">\n    <li>\n        <figure>\n            <a id=\"dvgridboxlink682609892457\" href=\"#dvteambox682609892457\" >\n                <img decoding=\"async\" src=\"https:\/\/ref-cordast.ch\/wp-content\/uploads\/2018\/04\/Foto-C.-S.-Andrey-januar-1.jpg\" alt=\"Claire-Sybille Andrey\" \/>\n                                <div class=\"dv-member-zoom\"><i class=\"dvteamicon-info\"><\/i><\/div>\n                            <\/a>\n                <figcaption>\n                    <div class=\"dv-member-desc\">\n                        <div><span class=\"dv-member-name\">Claire-Sybille Andrey<\/span><\/div>\n                                                <div><span class=\"dv-member-info\">Pasteur germanophone (30%)remplacement<\/span><\/div>\n                                            <\/div>\n                <\/figcaption>\n        <\/figure>\n    <\/li>\n        <\/ul>\n<div class=\"dv-clear\"><\/div>\n\n\n\n\n<p><\/p>\n<\/div><\/div>","protected":false},"excerpt":{"rendered":"<p>Chaque ann\u00e9e, au mois de mai, nous partons pour une journ\u00e9e au grand air. Une journ\u00e9e qui, jusqu&rsquo;\u00e0 pr\u00e9sent, nous a toujours apport\u00e9 beaucoup de soleil ! Contact<\/p>\n","protected":false},"author":6,"featured_media":0,"parent":196,"menu_order":0,"comment_status":"closed","ping_status":"closed","template":"","meta":{"footnotes":""},"class_list":["post-1147","page","type-page","status-publish","hentry"],"_links":{"self":[{"href":"https:\/\/ref-cordast.ch\/fr\/wp-json\/wp\/v2\/pages\/1147","targetHints":{"allow":["GET"]}}],"collection":[{"href":"https:\/\/ref-cordast.ch\/fr\/wp-json\/wp\/v2\/pages"}],"about":[{"href":"https:\/\/ref-cordast.ch\/fr\/wp-json\/wp\/v2\/types\/page"}],"author":[{"embeddable":true,"href":"https:\/\/ref-cordast.ch\/fr\/wp-json\/wp\/v2\/users\/6"}],"replies":[{"embeddable":true,"href":"https:\/\/ref-cordast.ch\/fr\/wp-json\/wp\/v2\/comments?post=1147"}],"version-history":[{"count":12,"href":"https:\/\/ref-cordast.ch\/fr\/wp-json\/wp\/v2\/pages\/1147\/revisions"}],"predecessor-version":[{"id":7087,"href":"https:\/\/ref-cordast.ch\/fr\/wp-json\/wp\/v2\/pages\/1147\/revisions\/7087"}],"up":[{"embeddable":true,"href":"https:\/\/ref-cordast.ch\/fr\/wp-json\/wp\/v2\/pages\/196"}],"wp:attachment":[{"href":"https:\/\/ref-cordast.ch\/fr\/wp-json\/wp\/v2\/media?parent=1147"}],"curies":[{"name":"wp","href":"https:\/\/api.w.org\/{rel}","templated":true}]}}