{"id":1143,"date":"2018-06-26T11:52:14","date_gmt":"2018-06-26T11:52:14","guid":{"rendered":"https:\/\/www.ref-cordast.ch\/?page_id=1143"},"modified":"2026-03-16T21:43:52","modified_gmt":"2026-03-16T21:43:52","slug":"seniorennachmittage","status":"publish","type":"page","link":"https:\/\/ref-cordast.ch\/fr\/aktivitaeten\/erwachsene\/programm-60\/seniorennachmittage\/","title":{"rendered":"Apr\u00e8s-midi seniors"},"content":{"rendered":"<p>Pendant l&rsquo;hiver, nous nous rencontrons tous les mois le vendredi au centre paroissial de Cordast pour un moment de convivialit\u00e9. Une partie th\u00e9matique d&rsquo;environ une heure ouvre l&rsquo;apr\u00e8s-midi. Les associations f\u00e9minines de la r\u00e9gion nous servent ensuite un d\u00e9licieux go\u00fbter.<\/p>\n<p>Dates dans la rubrique <a href=\"http:\/\/www.ref-cordast.ch\/fr\/aktivitaeten\/\">Manifestations<\/a>.<\/p>\n<h4><strong>Contact<\/strong><\/h4>\n<ul id=\"dvteamgrid756798335\" class=\"dvwookmark dvteamgrid \" data-dvalign=\"left\" data-dvoffset=\"20\" data-dvwidth=\"180\">\n    <li>\n        <figure>\n            <a id=\"dvgridboxlink756798335458\" href=\"#dvteambox756798335458\" >\n                <img decoding=\"async\" src=\"https:\/\/ref-cordast.ch\/wp-content\/uploads\/2018\/05\/Monika-Zurkinden-e1526406842861.jpg\" alt=\"Monika Zurkinden\" \/>\n                                <div class=\"dv-member-zoom\"><i class=\"dvteamicon-info\"><\/i><\/div>\n                            <\/a>\n                <figcaption>\n                    <div class=\"dv-member-desc\">\n                        <div><span class=\"dv-member-name\">Monika Zurkinden<\/span><\/div>\n                                                <div><span class=\"dv-member-info\">Cat\u00e9ch\u00e8te et charg\u00e9e de projet enfants\/adults<\/span><\/div>\n                                            <\/div>\n                <\/figcaption>\n        <\/figure>\n    <\/li>\n        <\/ul>\n<div class=\"dv-clear\"><\/div>\n\n<p><\/p>","protected":false},"excerpt":{"rendered":"<p>Pendant l&rsquo;hiver, nous nous rencontrons tous les mois le vendredi au centre paroissial de Cordast pour un moment de convivialit\u00e9. Une partie th\u00e9matique d&rsquo;environ une heure ouvre l&rsquo;apr\u00e8s-midi. Les associations f\u00e9minines de la r\u00e9gion nous servent ensuite un d\u00e9licieux go\u00fbter. Dates dans la rubrique Manifestations. Contact<\/p>\n","protected":false},"author":6,"featured_media":0,"parent":196,"menu_order":0,"comment_status":"closed","ping_status":"closed","template":"","meta":{"footnotes":""},"class_list":["post-1143","page","type-page","status-publish","hentry"],"_links":{"self":[{"href":"https:\/\/ref-cordast.ch\/fr\/wp-json\/wp\/v2\/pages\/1143","targetHints":{"allow":["GET"]}}],"collection":[{"href":"https:\/\/ref-cordast.ch\/fr\/wp-json\/wp\/v2\/pages"}],"about":[{"href":"https:\/\/ref-cordast.ch\/fr\/wp-json\/wp\/v2\/types\/page"}],"author":[{"embeddable":true,"href":"https:\/\/ref-cordast.ch\/fr\/wp-json\/wp\/v2\/users\/6"}],"replies":[{"embeddable":true,"href":"https:\/\/ref-cordast.ch\/fr\/wp-json\/wp\/v2\/comments?post=1143"}],"version-history":[{"count":9,"href":"https:\/\/ref-cordast.ch\/fr\/wp-json\/wp\/v2\/pages\/1143\/revisions"}],"predecessor-version":[{"id":7959,"href":"https:\/\/ref-cordast.ch\/fr\/wp-json\/wp\/v2\/pages\/1143\/revisions\/7959"}],"up":[{"embeddable":true,"href":"https:\/\/ref-cordast.ch\/fr\/wp-json\/wp\/v2\/pages\/196"}],"wp:attachment":[{"href":"https:\/\/ref-cordast.ch\/fr\/wp-json\/wp\/v2\/media?parent=1143"}],"curies":[{"name":"wp","href":"https:\/\/api.w.org\/{rel}","templated":true}]}}