{"id":1140,"date":"2018-06-26T11:47:13","date_gmt":"2018-06-26T11:47:13","guid":{"rendered":"https:\/\/www.ref-cordast.ch\/?page_id=1140"},"modified":"2026-03-16T21:43:08","modified_gmt":"2026-03-16T21:43:08","slug":"jass-und-spielnachmittage","status":"publish","type":"page","link":"https:\/\/ref-cordast.ch\/fr\/aktivitaeten\/erwachsene\/programm-60\/jass-und-spielnachmittage\/","title":{"rendered":"Apr\u00e8s-midi de jeux"},"content":{"rendered":"<p>Durant le semestre d&rsquo;\u00e9t\u00e9, nous nous retrouvons tous les mois le vendredi au centre paroissial de Cordast pour jouer aux cartes et \u00e0 d&rsquo;autres jeux. Un d\u00e9licieux go\u00fbter est servi.<\/p>\n<p>Vous trouverez les dates sous la rubrique \u00ab\u00a0<a href=\"http:\/\/www.ref-cordast.ch\/fr\/aktivitaeten\/\">Manifestations<\/a>\u00ab\u00a0.<\/p>\n<p><strong>Contact<\/strong><\/p>\n<ul id=\"dvteamgrid1682218803\" class=\"dvwookmark dvteamgrid \" data-dvalign=\"left\" data-dvoffset=\"20\" data-dvwidth=\"180\">\n    <li>\n        <figure>\n            <a id=\"dvgridboxlink1682218803458\" href=\"#dvteambox1682218803458\" >\n                <img decoding=\"async\" src=\"https:\/\/ref-cordast.ch\/wp-content\/uploads\/2018\/05\/Monika-Zurkinden-e1526406842861.jpg\" alt=\"Monika Zurkinden\" \/>\n                                <div class=\"dv-member-zoom\"><i class=\"dvteamicon-info\"><\/i><\/div>\n                            <\/a>\n                <figcaption>\n                    <div class=\"dv-member-desc\">\n                        <div><span class=\"dv-member-name\">Monika Zurkinden<\/span><\/div>\n                                                <div><span class=\"dv-member-info\">Cat\u00e9ch\u00e8te et charg\u00e9e de projet enfants\/adults<\/span><\/div>\n                                            <\/div>\n                <\/figcaption>\n        <\/figure>\n    <\/li>\n        <\/ul>\n<div class=\"dv-clear\"><\/div>\n\n<p>Utilisez le <a href=\"http:\/\/www.ref-cordast.ch\/aktivitaeten\/kirchentaxi\/\">Taxi \u00e9glise <\/a><\/p>\n<p><\/p>","protected":false},"excerpt":{"rendered":"<p>Durant le semestre d&rsquo;\u00e9t\u00e9, nous nous retrouvons tous les mois le vendredi au centre paroissial de Cordast pour jouer aux cartes et \u00e0 d&rsquo;autres jeux. Un d\u00e9licieux go\u00fbter est servi. Vous trouverez les dates sous la rubrique \u00ab\u00a0Manifestations\u00ab\u00a0. Contact Utilisez le Taxi \u00e9glise<\/p>\n","protected":false},"author":9,"featured_media":0,"parent":196,"menu_order":0,"comment_status":"closed","ping_status":"closed","template":"","meta":{"footnotes":""},"class_list":["post-1140","page","type-page","status-publish","hentry"],"_links":{"self":[{"href":"https:\/\/ref-cordast.ch\/fr\/wp-json\/wp\/v2\/pages\/1140","targetHints":{"allow":["GET"]}}],"collection":[{"href":"https:\/\/ref-cordast.ch\/fr\/wp-json\/wp\/v2\/pages"}],"about":[{"href":"https:\/\/ref-cordast.ch\/fr\/wp-json\/wp\/v2\/types\/page"}],"author":[{"embeddable":true,"href":"https:\/\/ref-cordast.ch\/fr\/wp-json\/wp\/v2\/users\/9"}],"replies":[{"embeddable":true,"href":"https:\/\/ref-cordast.ch\/fr\/wp-json\/wp\/v2\/comments?post=1140"}],"version-history":[{"count":6,"href":"https:\/\/ref-cordast.ch\/fr\/wp-json\/wp\/v2\/pages\/1140\/revisions"}],"predecessor-version":[{"id":7958,"href":"https:\/\/ref-cordast.ch\/fr\/wp-json\/wp\/v2\/pages\/1140\/revisions\/7958"}],"up":[{"embeddable":true,"href":"https:\/\/ref-cordast.ch\/fr\/wp-json\/wp\/v2\/pages\/196"}],"wp:attachment":[{"href":"https:\/\/ref-cordast.ch\/fr\/wp-json\/wp\/v2\/media?parent=1140"}],"curies":[{"name":"wp","href":"https:\/\/api.w.org\/{rel}","templated":true}]}}